{"id":1080,"date":"2024-11-20T10:51:16","date_gmt":"2024-11-20T10:51:16","guid":{"rendered":"https:\/\/zoldfas.hu\/?page_id=1080"},"modified":"2026-04-23T08:48:28","modified_gmt":"2026-04-23T08:48:28","slug":"kulteri-programok","status":"publish","type":"page","link":"https:\/\/zoldfas.hu\/?page_id=1080","title":{"rendered":"K\u00fclt\u00e9ri programok"},"content":{"rendered":"\t\t<div data-elementor-type=\"wp-page\" data-elementor-id=\"1080\" class=\"elementor elementor-1080\">\n\t\t\t\t<div class=\"elementor-element elementor-element-ac1f170 e-flex e-con-boxed e-con e-parent\" data-id=\"ac1f170\" data-element_type=\"container\" data-e-type=\"container\">\n\t\t\t\t\t<div class=\"e-con-inner\">\n\t\t\t\t<div class=\"elementor-element elementor-element-12eae5d elementor-widget elementor-widget-image-gallery\" data-id=\"12eae5d\" data-element_type=\"widget\" data-e-type=\"widget\" data-widget_type=\"image-gallery.default\">\n\t\t\t\t<div class=\"elementor-widget-container\">\n\t\t\t\t\t\t\t<div class=\"elementor-image-gallery\">\n\t\t\t\n\t\t<style type=\"text\/css\">\n\t\t\t#gallery-1 {\n\t\t\t\tmargin: auto;\n\t\t\t}\n\t\t\t#gallery-1 .gallery-item {\n\t\t\t\tfloat: left;\n\t\t\t\tmargin-top: 10px;\n\t\t\t\ttext-align: center;\n\t\t\t\twidth: 12%;\n\t\t\t}\n\t\t\t#gallery-1 img {\n\t\t\t\tborder: 2px solid #cfcfcf;\n\t\t\t}\n\t\t\t#gallery-1 .gallery-caption {\n\t\t\t\tmargin-left: 0;\n\t\t\t}\n\t\t\t\/* see gallery_shortcode() in wp-includes\/media.php *\/\n\t\t<\/style>\n\t\t<div id='gallery-1' class='gallery galleryid-1080 gallery-columns-8 gallery-size-thumbnail'><dl class='gallery-item'>\n\t\t\t<dt class='gallery-icon landscape'>\n\t\t\t\t<a data-elementor-open-lightbox=\"yes\" data-elementor-lightbox-slideshow=\"12eae5d\" data-elementor-lightbox-title=\"R\u00f6pladba p\u00e1lya\" data-e-action-hash=\"#elementor-action%3Aaction%3Dlightbox%26settings%3DeyJpZCI6MTA4NywidXJsIjoiaHR0cHM6XC9cL3pvbGRmYXMuaHVcL3dwLWNvbnRlbnRcL3VwbG9hZHNcLzIwMjRcLzExXC8yNC0wOC0wMi0xOS0wNy0wMS0zMDk5LXNjYWxlZC5qcGciLCJzbGlkZXNob3ciOiIxMmVhZTVkIn0%3D\" href='https:\/\/zoldfas.hu\/wp-content\/uploads\/2024\/11\/24-08-02-19-07-01-3099-scaled.jpg'><img decoding=\"async\" width=\"150\" height=\"150\" src=\"https:\/\/zoldfas.hu\/wp-content\/uploads\/2024\/11\/24-08-02-19-07-01-3099-150x150.jpg\" class=\"attachment-thumbnail size-thumbnail\" alt=\"\" \/><\/a>\n\t\t\t<\/dt><\/dl><dl class='gallery-item'>\n\t\t\t<dt class='gallery-icon portrait'>\n\t\t\t\t<a data-elementor-open-lightbox=\"yes\" data-elementor-lightbox-slideshow=\"12eae5d\" data-elementor-lightbox-title=\"\u00d6nfeledt j\u00e1t\u00e9k\" data-e-action-hash=\"#elementor-action%3Aaction%3Dlightbox%26settings%3DeyJpZCI6MTA4NiwidXJsIjoiaHR0cHM6XC9cL3pvbGRmYXMuaHVcL3dwLWNvbnRlbnRcL3VwbG9hZHNcLzIwMjRcLzExXC8yNC0wNS0yOS0xOS0wNy00OC0yMjU4LXNjYWxlZC5qcGciLCJzbGlkZXNob3ciOiIxMmVhZTVkIn0%3D\" href='https:\/\/zoldfas.hu\/wp-content\/uploads\/2024\/11\/24-05-29-19-07-48-2258-scaled.jpg'><img decoding=\"async\" width=\"150\" height=\"150\" src=\"https:\/\/zoldfas.hu\/wp-content\/uploads\/2024\/11\/24-05-29-19-07-48-2258-150x150.jpg\" class=\"attachment-thumbnail size-thumbnail\" alt=\"\" \/><\/a>\n\t\t\t<\/dt><\/dl><dl class='gallery-item'>\n\t\t\t<dt class='gallery-icon portrait'>\n\t\t\t\t<a data-elementor-open-lightbox=\"yes\" data-elementor-lightbox-slideshow=\"12eae5d\" data-elementor-lightbox-title=\"T\u00e1bort\u0171z\" data-e-action-hash=\"#elementor-action%3Aaction%3Dlightbox%26settings%3DeyJpZCI6MTA3NSwidXJsIjoiaHR0cHM6XC9cL3pvbGRmYXMuaHVcL3dwLWNvbnRlbnRcL3VwbG9hZHNcLzIwMjRcLzExXC9UdXpyYWtvLXRhbC1ab2xkZmFzLXNjYWxlZC5qcGciLCJzbGlkZXNob3ciOiIxMmVhZTVkIn0%3D\" href='https:\/\/zoldfas.hu\/wp-content\/uploads\/2024\/11\/Tuzrako-tal-Zoldfas-scaled.jpg'><img decoding=\"async\" width=\"150\" height=\"150\" src=\"https:\/\/zoldfas.hu\/wp-content\/uploads\/2024\/11\/Tuzrako-tal-Zoldfas-150x150.jpg\" class=\"attachment-thumbnail size-thumbnail\" alt=\"\" \/><\/a>\n\t\t\t<\/dt><\/dl><dl class='gallery-item'>\n\t\t\t<dt class='gallery-icon landscape'>\n\t\t\t\t<a data-elementor-open-lightbox=\"yes\" data-elementor-lightbox-slideshow=\"12eae5d\" data-elementor-lightbox-title=\"Cornhole \/ c\u00e9lbadob\u00f3\" data-e-action-hash=\"#elementor-action%3Aaction%3Dlightbox%26settings%3DeyJpZCI6MTA4OSwidXJsIjoiaHR0cHM6XC9cL3pvbGRmYXMuaHVcL3dwLWNvbnRlbnRcL3VwbG9hZHNcLzIwMjRcLzExXC8yNC0wOC0yMS0wOC00OC0zMi0zMjU1LXNjYWxlZC5qcGciLCJzbGlkZXNob3ciOiIxMmVhZTVkIn0%3D\" href='https:\/\/zoldfas.hu\/wp-content\/uploads\/2024\/11\/24-08-21-08-48-32-3255-scaled.jpg'><img loading=\"lazy\" decoding=\"async\" width=\"150\" height=\"150\" src=\"https:\/\/zoldfas.hu\/wp-content\/uploads\/2024\/11\/24-08-21-08-48-32-3255-150x150.jpg\" class=\"attachment-thumbnail size-thumbnail\" alt=\"\" \/><\/a>\n\t\t\t<\/dt><\/dl><dl class='gallery-item'>\n\t\t\t<dt class='gallery-icon portrait'>\n\t\t\t\t<a data-elementor-open-lightbox=\"yes\" data-elementor-lightbox-slideshow=\"12eae5d\" data-elementor-lightbox-title=\"Naplemente\" data-e-action-hash=\"#elementor-action%3Aaction%3Dlightbox%26settings%3DeyJpZCI6ODI0LCJ1cmwiOiJodHRwczpcL1wvem9sZGZhcy5odVwvd3AtY29udGVudFwvdXBsb2Fkc1wvMjAyNFwvMDdcL05hcGxlbWVudGUucG5nIiwic2xpZGVzaG93IjoiMTJlYWU1ZCJ9\" href='https:\/\/zoldfas.hu\/wp-content\/uploads\/2024\/07\/Naplemente.png'><img loading=\"lazy\" decoding=\"async\" width=\"150\" height=\"150\" src=\"https:\/\/zoldfas.hu\/wp-content\/uploads\/2024\/07\/Naplemente-150x150.png\" class=\"attachment-thumbnail size-thumbnail\" alt=\"\" \/><\/a>\n\t\t\t<\/dt><\/dl><dl class='gallery-item'>\n\t\t\t<dt class='gallery-icon landscape'>\n\t\t\t\t<a data-elementor-open-lightbox=\"yes\" data-elementor-lightbox-slideshow=\"12eae5d\" data-elementor-lightbox-title=\"Tavasz Z\u00f6ldf\u00e1son\" data-e-action-hash=\"#elementor-action%3Aaction%3Dlightbox%26settings%3DeyJpZCI6MTA4NCwidXJsIjoiaHR0cHM6XC9cL3pvbGRmYXMuaHVcL3dwLWNvbnRlbnRcL3VwbG9hZHNcLzIwMjRcLzExXC8yNC0wNC0wOC0xMi0xNi0zOC0xMzk1LXNjYWxlZC5qcGciLCJzbGlkZXNob3ciOiIxMmVhZTVkIn0%3D\" href='https:\/\/zoldfas.hu\/wp-content\/uploads\/2024\/11\/24-04-08-12-16-38-1395-scaled.jpg'><img loading=\"lazy\" decoding=\"async\" width=\"150\" height=\"150\" src=\"https:\/\/zoldfas.hu\/wp-content\/uploads\/2024\/11\/24-04-08-12-16-38-1395-150x150.jpg\" class=\"attachment-thumbnail size-thumbnail\" alt=\"\" \/><\/a>\n\t\t\t<\/dt><\/dl><dl class='gallery-item'>\n\t\t\t<dt class='gallery-icon portrait'>\n\t\t\t\t<a data-elementor-open-lightbox=\"yes\" data-elementor-lightbox-slideshow=\"12eae5d\" data-elementor-lightbox-title=\"Z\u00f6ldf\u00e1s \u00e9s a hold\" data-e-action-hash=\"#elementor-action%3Aaction%3Dlightbox%26settings%3DeyJpZCI6MTA4NSwidXJsIjoiaHR0cHM6XC9cL3pvbGRmYXMuaHVcL3dwLWNvbnRlbnRcL3VwbG9hZHNcLzIwMjRcLzExXC8yNC0wNS0xMi0yMS0yMy0zOC0xOTczLXNjYWxlZC5qcGciLCJzbGlkZXNob3ciOiIxMmVhZTVkIn0%3D\" href='https:\/\/zoldfas.hu\/wp-content\/uploads\/2024\/11\/24-05-12-21-23-38-1973-scaled.jpg'><img loading=\"lazy\" decoding=\"async\" width=\"150\" height=\"150\" src=\"https:\/\/zoldfas.hu\/wp-content\/uploads\/2024\/11\/24-05-12-21-23-38-1973-150x150.jpg\" class=\"attachment-thumbnail size-thumbnail\" alt=\"\" \/><\/a>\n\t\t\t<\/dt><\/dl><dl class='gallery-item'>\n\t\t\t<dt class='gallery-icon portrait'>\n\t\t\t\t<a data-elementor-open-lightbox=\"yes\" data-elementor-lightbox-slideshow=\"12eae5d\" data-elementor-lightbox-title=\"\u0150sz Z\u00f6ldf\u00e1son\" data-e-action-hash=\"#elementor-action%3Aaction%3Dlightbox%26settings%3DeyJpZCI6MTA5MSwidXJsIjoiaHR0cHM6XC9cL3pvbGRmYXMuaHVcL3dwLWNvbnRlbnRcL3VwbG9hZHNcLzIwMjRcLzExXC8yNC0xMC0yOS0xNC00OC0xOS00NDA2LXNjYWxlZC5qcGciLCJzbGlkZXNob3ciOiIxMmVhZTVkIn0%3D\" href='https:\/\/zoldfas.hu\/wp-content\/uploads\/2024\/11\/24-10-29-14-48-19-4406-scaled.jpg'><img loading=\"lazy\" decoding=\"async\" width=\"150\" height=\"150\" src=\"https:\/\/zoldfas.hu\/wp-content\/uploads\/2024\/11\/24-10-29-14-48-19-4406-150x150.jpg\" class=\"attachment-thumbnail size-thumbnail\" alt=\"\" \/><\/a>\n\t\t\t<\/dt><\/dl><br style=\"clear: both\" \/>\n\t\t<\/div>\n\t\t<\/div>\n\t\t\t\t\t\t<\/div>\n\t\t\t\t<\/div>\n\t\t\t\t\t<\/div>\n\t\t\t\t<\/div>\n\t\t<div class=\"elementor-element elementor-element-7de886c e-flex e-con-boxed e-con e-parent\" data-id=\"7de886c\" data-element_type=\"container\" data-e-type=\"container\">\n\t\t\t\t\t<div class=\"e-con-inner\">\n\t\t\t\t<div class=\"elementor-element elementor-element-0e6d82b elementor-widget elementor-widget-text-editor\" data-id=\"0e6d82b\" data-element_type=\"widget\" data-e-type=\"widget\" data-widget_type=\"text-editor.default\">\n\t\t\t\t<div class=\"elementor-widget-container\">\n\t\t\t\t\t\t\t\t\t<p style=\"text-align: left;\">A teremtett vil\u00e1gunk k\u00f6zels\u00e9ge k\u00e9zzel foghat\u00f3 Z\u00f6ldf\u00e1son. Minden \u00e9vszakban k\u00fcl\u00f6nleges arc\u00e1t mutatja a term\u00e9szet. Ny\u00e1ron a t\u00e1gas, parkos\u00edtott udvar kiv\u00e1l\u00f3 helysz\u00edn\u00e9\u00fcl szolg\u00e1lhat a k\u00fclt\u00e9ri programoknak \u00e9s j\u00e1t\u00e9koknak.&nbsp;<\/p>\n<p>Az al\u00e1bbi lehet\u0151s\u00e9gek adottak Vend\u00e9geink r\u00e9sz\u00e9re:<\/p>\n<ul>\n<li>r\u00f6plabd\u00e1z\u00e1s<\/li>\n<li>cornhole \/ c\u00e9lbadob\u00e1s babzs\u00e1kkal<\/li>\n<li>fociz\u00e1s (mini focikaput tudunk biztos\u00edtani)<\/li>\n<li>k\u00fclt\u00e9ri pingpong asztal<\/li>\n<li>sz\u00e1mh\u00e1bor\u00fa<\/li>\n<li>t\u00e1bort\u0171z gy\u00fajt\u00e1s, szalonna s\u00fct\u00e9s, bogr\u00e1csoz\u00e1s<\/li>\n<li>\u00e9jszakai \u00e9gbolt k\u00e9mlel\u00e9se<\/li>\n<li>\u00e1llatvil\u00e1g megfigyel\u00e9se<\/li>\n<\/ul>\t\t\t\t\t\t\t\t<\/div>\n\t\t\t\t<\/div>\n\t\t\t\t\t<\/div>\n\t\t\t\t<\/div>\n\t\t\t\t<\/div>\n\t\t","protected":false},"excerpt":{"rendered":"<p>A teremtett vil\u00e1gunk k\u00f6zels\u00e9ge k\u00e9zzel foghat\u00f3 Z\u00f6ldf\u00e1son. Minden \u00e9vszakban k\u00fcl\u00f6nleges arc\u00e1t mutatja a term\u00e9szet. Ny\u00e1ron a t\u00e1gas, parkos\u00edtott udvar kiv\u00e1l\u00f3 helysz\u00edn\u00e9\u00fcl szolg\u00e1lhat a k\u00fclt\u00e9ri programoknak \u00e9s j\u00e1t\u00e9koknak.&nbsp; Az al\u00e1bbi lehet\u0151s\u00e9gek adottak Vend\u00e9geink r\u00e9sz\u00e9re: r\u00f6plabd\u00e1z\u00e1s cornhole \/ c\u00e9lbadob\u00e1s babzs\u00e1kkal fociz\u00e1s (mini focikaput tudunk biztos\u00edtani) k\u00fclt\u00e9ri pingpong asztal sz\u00e1mh\u00e1bor\u00fa t\u00e1bort\u0171z gy\u00fajt\u00e1s, szalonna s\u00fct\u00e9s, bogr\u00e1csoz\u00e1s \u00e9jszakai \u00e9gbolt k\u00e9mlel\u00e9se&hellip; <br \/> <a class=\"read-more\" href=\"https:\/\/zoldfas.hu\/?page_id=1080\">Read more<\/a><\/p>\n","protected":false},"author":1,"featured_media":0,"parent":0,"menu_order":0,"comment_status":"closed","ping_status":"closed","template":"","meta":{"ngg_post_thumbnail":0,"footnotes":""},"class_list":["post-1080","page","type-page","status-publish","hentry"],"yoast_head":"<!-- This site is optimized with the Yoast SEO plugin v27.5 - https:\/\/yoast.com\/product\/yoast-seo-wordpress\/ -->\n<title>K\u00fclt\u00e9ri programok - Z\u00f6ldf\u00e1s Lelkigyakorlatos H\u00e1z \u00e9s Ifj\u00fas\u00e1gi T\u00e1borhelysz\u00edn<\/title>\n<meta name=\"robots\" content=\"index, follow, max-snippet:-1, max-image-preview:large, max-video-preview:-1\" \/>\n<link rel=\"canonical\" href=\"https:\/\/zoldfas.hu\/?page_id=1080\" \/>\n<meta property=\"og:locale\" content=\"hu_HU\" \/>\n<meta property=\"og:type\" content=\"article\" \/>\n<meta property=\"og:title\" content=\"K\u00fclt\u00e9ri programok - Z\u00f6ldf\u00e1s Lelkigyakorlatos H\u00e1z \u00e9s Ifj\u00fas\u00e1gi T\u00e1borhelysz\u00edn\" \/>\n<meta property=\"og:description\" content=\"A teremtett vil\u00e1gunk k\u00f6zels\u00e9ge k\u00e9zzel foghat\u00f3 Z\u00f6ldf\u00e1son. Minden \u00e9vszakban k\u00fcl\u00f6nleges arc\u00e1t mutatja a term\u00e9szet. Ny\u00e1ron a t\u00e1gas, parkos\u00edtott udvar kiv\u00e1l\u00f3 helysz\u00edn\u00e9\u00fcl szolg\u00e1lhat a k\u00fclt\u00e9ri programoknak \u00e9s j\u00e1t\u00e9koknak.&nbsp; Az al\u00e1bbi lehet\u0151s\u00e9gek adottak Vend\u00e9geink r\u00e9sz\u00e9re: r\u00f6plabd\u00e1z\u00e1s cornhole \/ c\u00e9lbadob\u00e1s babzs\u00e1kkal fociz\u00e1s (mini focikaput tudunk biztos\u00edtani) k\u00fclt\u00e9ri pingpong asztal sz\u00e1mh\u00e1bor\u00fa t\u00e1bort\u0171z gy\u00fajt\u00e1s, szalonna s\u00fct\u00e9s, bogr\u00e1csoz\u00e1s \u00e9jszakai \u00e9gbolt k\u00e9mlel\u00e9se&hellip; Read more\" \/>\n<meta property=\"og:url\" content=\"https:\/\/zoldfas.hu\/?page_id=1080\" \/>\n<meta property=\"og:site_name\" content=\"Z\u00f6ldf\u00e1s Lelkigyakorlatos H\u00e1z \u00e9s Ifj\u00fas\u00e1gi T\u00e1borhelysz\u00edn\" \/>\n<meta property=\"article:publisher\" content=\"https:\/\/www.facebook.com\/zoldfas\" \/>\n<meta property=\"article:modified_time\" content=\"2026-04-23T08:48:28+00:00\" \/>\n<meta property=\"og:image\" content=\"https:\/\/zoldfas.hu\/wp-content\/uploads\/2024\/11\/24-08-02-19-07-01-3099-150x150.jpg\" \/>\n<meta name=\"twitter:card\" content=\"summary_large_image\" \/>\n<meta name=\"twitter:label1\" content=\"Becs\u00fclt olvas\u00e1si id\u0151\" \/>\n\t<meta name=\"twitter:data1\" content=\"2 perc\" \/>\n<script type=\"application\/ld+json\" class=\"yoast-schema-graph\">{\"@context\":\"https:\\\/\\\/schema.org\",\"@graph\":[{\"@type\":\"WebPage\",\"@id\":\"https:\\\/\\\/zoldfas.hu\\\/?page_id=1080\",\"url\":\"https:\\\/\\\/zoldfas.hu\\\/?page_id=1080\",\"name\":\"K\u00fclt\u00e9ri programok - Z\u00f6ldf\u00e1s Lelkigyakorlatos H\u00e1z \u00e9s Ifj\u00fas\u00e1gi T\u00e1borhelysz\u00edn\",\"isPartOf\":{\"@id\":\"https:\\\/\\\/zoldfas.hu\\\/#website\"},\"primaryImageOfPage\":{\"@id\":\"https:\\\/\\\/zoldfas.hu\\\/?page_id=1080#primaryimage\"},\"image\":{\"@id\":\"https:\\\/\\\/zoldfas.hu\\\/?page_id=1080#primaryimage\"},\"thumbnailUrl\":\"https:\\\/\\\/zoldfas.hu\\\/wp-content\\\/uploads\\\/2024\\\/11\\\/24-08-02-19-07-01-3099-150x150.jpg\",\"datePublished\":\"2024-11-20T10:51:16+00:00\",\"dateModified\":\"2026-04-23T08:48:28+00:00\",\"breadcrumb\":{\"@id\":\"https:\\\/\\\/zoldfas.hu\\\/?page_id=1080#breadcrumb\"},\"inLanguage\":\"hu\",\"potentialAction\":[{\"@type\":\"ReadAction\",\"target\":[\"https:\\\/\\\/zoldfas.hu\\\/?page_id=1080\"]}]},{\"@type\":\"ImageObject\",\"inLanguage\":\"hu\",\"@id\":\"https:\\\/\\\/zoldfas.hu\\\/?page_id=1080#primaryimage\",\"url\":\"https:\\\/\\\/zoldfas.hu\\\/wp-content\\\/uploads\\\/2024\\\/11\\\/24-08-02-19-07-01-3099-scaled.jpg\",\"contentUrl\":\"https:\\\/\\\/zoldfas.hu\\\/wp-content\\\/uploads\\\/2024\\\/11\\\/24-08-02-19-07-01-3099-scaled.jpg\",\"width\":2560,\"height\":1920},{\"@type\":\"BreadcrumbList\",\"@id\":\"https:\\\/\\\/zoldfas.hu\\\/?page_id=1080#breadcrumb\",\"itemListElement\":[{\"@type\":\"ListItem\",\"position\":1,\"name\":\"Kezd\u0151lap\",\"item\":\"https:\\\/\\\/zoldfas.hu\\\/\"},{\"@type\":\"ListItem\",\"position\":2,\"name\":\"K\u00fclt\u00e9ri programok\"}]},{\"@type\":\"WebSite\",\"@id\":\"https:\\\/\\\/zoldfas.hu\\\/#website\",\"url\":\"https:\\\/\\\/zoldfas.hu\\\/\",\"name\":\"Z\u00f6ldf\u00e1s\",\"description\":\"Z\u00f6ldf\u00e1s Lelkigyakorlatos H\u00e1z \u00e9s Ifj\u00fas\u00e1gi T\u00e1borhelysz\u00edn\",\"publisher\":{\"@id\":\"https:\\\/\\\/zoldfas.hu\\\/#organization\"},\"potentialAction\":[{\"@type\":\"SearchAction\",\"target\":{\"@type\":\"EntryPoint\",\"urlTemplate\":\"https:\\\/\\\/zoldfas.hu\\\/?s={search_term_string}\"},\"query-input\":{\"@type\":\"PropertyValueSpecification\",\"valueRequired\":true,\"valueName\":\"search_term_string\"}}],\"inLanguage\":\"hu\"},{\"@type\":\"Organization\",\"@id\":\"https:\\\/\\\/zoldfas.hu\\\/#organization\",\"name\":\"SZEKI\",\"url\":\"https:\\\/\\\/zoldfas.hu\\\/\",\"logo\":{\"@type\":\"ImageObject\",\"inLanguage\":\"hu\",\"@id\":\"https:\\\/\\\/zoldfas.hu\\\/#\\\/schema\\\/logo\\\/image\\\/\",\"url\":\"https:\\\/\\\/zoldfas.hu\\\/wp-content\\\/uploads\\\/2024\\\/03\\\/kateklogo-2023_logo-1.png\",\"contentUrl\":\"https:\\\/\\\/zoldfas.hu\\\/wp-content\\\/uploads\\\/2024\\\/03\\\/kateklogo-2023_logo-1.png\",\"width\":591,\"height\":591,\"caption\":\"SZEKI\"},\"image\":{\"@id\":\"https:\\\/\\\/zoldfas.hu\\\/#\\\/schema\\\/logo\\\/image\\\/\"},\"sameAs\":[\"https:\\\/\\\/www.facebook.com\\\/zoldfas\"]}]}<\/script>\n<!-- \/ Yoast SEO plugin. -->","yoast_head_json":{"title":"K\u00fclt\u00e9ri programok - Z\u00f6ldf\u00e1s Lelkigyakorlatos H\u00e1z \u00e9s Ifj\u00fas\u00e1gi T\u00e1borhelysz\u00edn","robots":{"index":"index","follow":"follow","max-snippet":"max-snippet:-1","max-image-preview":"max-image-preview:large","max-video-preview":"max-video-preview:-1"},"canonical":"https:\/\/zoldfas.hu\/?page_id=1080","og_locale":"hu_HU","og_type":"article","og_title":"K\u00fclt\u00e9ri programok - Z\u00f6ldf\u00e1s Lelkigyakorlatos H\u00e1z \u00e9s Ifj\u00fas\u00e1gi T\u00e1borhelysz\u00edn","og_description":"A teremtett vil\u00e1gunk k\u00f6zels\u00e9ge k\u00e9zzel foghat\u00f3 Z\u00f6ldf\u00e1son. Minden \u00e9vszakban k\u00fcl\u00f6nleges arc\u00e1t mutatja a term\u00e9szet. Ny\u00e1ron a t\u00e1gas, parkos\u00edtott udvar kiv\u00e1l\u00f3 helysz\u00edn\u00e9\u00fcl szolg\u00e1lhat a k\u00fclt\u00e9ri programoknak \u00e9s j\u00e1t\u00e9koknak.&nbsp; Az al\u00e1bbi lehet\u0151s\u00e9gek adottak Vend\u00e9geink r\u00e9sz\u00e9re: r\u00f6plabd\u00e1z\u00e1s cornhole \/ c\u00e9lbadob\u00e1s babzs\u00e1kkal fociz\u00e1s (mini focikaput tudunk biztos\u00edtani) k\u00fclt\u00e9ri pingpong asztal sz\u00e1mh\u00e1bor\u00fa t\u00e1bort\u0171z gy\u00fajt\u00e1s, szalonna s\u00fct\u00e9s, bogr\u00e1csoz\u00e1s \u00e9jszakai \u00e9gbolt k\u00e9mlel\u00e9se&hellip; Read more","og_url":"https:\/\/zoldfas.hu\/?page_id=1080","og_site_name":"Z\u00f6ldf\u00e1s Lelkigyakorlatos H\u00e1z \u00e9s Ifj\u00fas\u00e1gi T\u00e1borhelysz\u00edn","article_publisher":"https:\/\/www.facebook.com\/zoldfas","article_modified_time":"2026-04-23T08:48:28+00:00","og_image":[{"url":"https:\/\/zoldfas.hu\/wp-content\/uploads\/2024\/11\/24-08-02-19-07-01-3099-150x150.jpg","type":"","width":"","height":""}],"twitter_card":"summary_large_image","twitter_misc":{"Becs\u00fclt olvas\u00e1si id\u0151":"2 perc"},"schema":{"@context":"https:\/\/schema.org","@graph":[{"@type":"WebPage","@id":"https:\/\/zoldfas.hu\/?page_id=1080","url":"https:\/\/zoldfas.hu\/?page_id=1080","name":"K\u00fclt\u00e9ri programok - Z\u00f6ldf\u00e1s Lelkigyakorlatos H\u00e1z \u00e9s Ifj\u00fas\u00e1gi T\u00e1borhelysz\u00edn","isPartOf":{"@id":"https:\/\/zoldfas.hu\/#website"},"primaryImageOfPage":{"@id":"https:\/\/zoldfas.hu\/?page_id=1080#primaryimage"},"image":{"@id":"https:\/\/zoldfas.hu\/?page_id=1080#primaryimage"},"thumbnailUrl":"https:\/\/zoldfas.hu\/wp-content\/uploads\/2024\/11\/24-08-02-19-07-01-3099-150x150.jpg","datePublished":"2024-11-20T10:51:16+00:00","dateModified":"2026-04-23T08:48:28+00:00","breadcrumb":{"@id":"https:\/\/zoldfas.hu\/?page_id=1080#breadcrumb"},"inLanguage":"hu","potentialAction":[{"@type":"ReadAction","target":["https:\/\/zoldfas.hu\/?page_id=1080"]}]},{"@type":"ImageObject","inLanguage":"hu","@id":"https:\/\/zoldfas.hu\/?page_id=1080#primaryimage","url":"https:\/\/zoldfas.hu\/wp-content\/uploads\/2024\/11\/24-08-02-19-07-01-3099-scaled.jpg","contentUrl":"https:\/\/zoldfas.hu\/wp-content\/uploads\/2024\/11\/24-08-02-19-07-01-3099-scaled.jpg","width":2560,"height":1920},{"@type":"BreadcrumbList","@id":"https:\/\/zoldfas.hu\/?page_id=1080#breadcrumb","itemListElement":[{"@type":"ListItem","position":1,"name":"Kezd\u0151lap","item":"https:\/\/zoldfas.hu\/"},{"@type":"ListItem","position":2,"name":"K\u00fclt\u00e9ri programok"}]},{"@type":"WebSite","@id":"https:\/\/zoldfas.hu\/#website","url":"https:\/\/zoldfas.hu\/","name":"Z\u00f6ldf\u00e1s","description":"Z\u00f6ldf\u00e1s Lelkigyakorlatos H\u00e1z \u00e9s Ifj\u00fas\u00e1gi T\u00e1borhelysz\u00edn","publisher":{"@id":"https:\/\/zoldfas.hu\/#organization"},"potentialAction":[{"@type":"SearchAction","target":{"@type":"EntryPoint","urlTemplate":"https:\/\/zoldfas.hu\/?s={search_term_string}"},"query-input":{"@type":"PropertyValueSpecification","valueRequired":true,"valueName":"search_term_string"}}],"inLanguage":"hu"},{"@type":"Organization","@id":"https:\/\/zoldfas.hu\/#organization","name":"SZEKI","url":"https:\/\/zoldfas.hu\/","logo":{"@type":"ImageObject","inLanguage":"hu","@id":"https:\/\/zoldfas.hu\/#\/schema\/logo\/image\/","url":"https:\/\/zoldfas.hu\/wp-content\/uploads\/2024\/03\/kateklogo-2023_logo-1.png","contentUrl":"https:\/\/zoldfas.hu\/wp-content\/uploads\/2024\/03\/kateklogo-2023_logo-1.png","width":591,"height":591,"caption":"SZEKI"},"image":{"@id":"https:\/\/zoldfas.hu\/#\/schema\/logo\/image\/"},"sameAs":["https:\/\/www.facebook.com\/zoldfas"]}]}},"_links":{"self":[{"href":"https:\/\/zoldfas.hu\/index.php?rest_route=\/wp\/v2\/pages\/1080","targetHints":{"allow":["GET"]}}],"collection":[{"href":"https:\/\/zoldfas.hu\/index.php?rest_route=\/wp\/v2\/pages"}],"about":[{"href":"https:\/\/zoldfas.hu\/index.php?rest_route=\/wp\/v2\/types\/page"}],"author":[{"embeddable":true,"href":"https:\/\/zoldfas.hu\/index.php?rest_route=\/wp\/v2\/users\/1"}],"replies":[{"embeddable":true,"href":"https:\/\/zoldfas.hu\/index.php?rest_route=%2Fwp%2Fv2%2Fcomments&post=1080"}],"version-history":[{"count":16,"href":"https:\/\/zoldfas.hu\/index.php?rest_route=\/wp\/v2\/pages\/1080\/revisions"}],"predecessor-version":[{"id":1661,"href":"https:\/\/zoldfas.hu\/index.php?rest_route=\/wp\/v2\/pages\/1080\/revisions\/1661"}],"wp:attachment":[{"href":"https:\/\/zoldfas.hu\/index.php?rest_route=%2Fwp%2Fv2%2Fmedia&parent=1080"}],"curies":[{"name":"wp","href":"https:\/\/api.w.org\/{rel}","templated":true}]}}