{"id":19,"date":"2024-03-12T22:17:39","date_gmt":"2024-03-12T22:17:39","guid":{"rendered":"https:\/\/zoldfas.hu\/?page_id=19"},"modified":"2026-04-23T08:14:04","modified_gmt":"2026-04-23T08:14:04","slug":"araink","status":"publish","type":"page","link":"https:\/\/zoldfas.hu\/?page_id=19","title":{"rendered":"\u00c1raink"},"content":{"rendered":"\n<h2 class=\"wp-block-heading\">Szoba\u00e1rak<\/h2>\n\n\n\n<p>Sz\u00e1ll\u00e1shely\u00fcnk az al\u00e1bbi szobat\u00edpusokkal \u00e9s \u00e1rakkal rendelkezik.<\/p>\n\n\n\n<div class=\"wp-block-columns is-layout-flex wp-container-core-columns-is-layout-9d6595d7 wp-block-columns-is-layout-flex\">\n<div class=\"wp-block-column is-vertically-aligned-center is-layout-flow wp-block-column-is-layout-flow\" style=\"flex-basis:100%\">\n<figure class=\"wp-block-table\"><table><tbody><tr><td class=\"has-text-align-center\" data-align=\"center\"><strong>Szobat\u00edpusok<\/strong><\/td><td class=\"has-text-align-center\" data-align=\"center\"><strong>\u00c1r<\/strong><\/td><\/tr><tr><td class=\"has-text-align-center\" data-align=\"center\">4 f\u0151s szob\u00e1k (Szent Istv\u00e1n H\u00e1z) 12 db<\/td><td class=\"has-text-align-center\" data-align=\"center\">7.000 Ft \/ f\u0151 \/ \u00e9j<\/td><\/tr><tr><td class=\"has-text-align-center\" data-align=\"center\">1 f\u0151s szob\u00e1k (Szent Istv\u00e1n H\u00e1z) 2 db<\/td><td class=\"has-text-align-center\" data-align=\"center\">9.000 Ft \/ f\u0151 \/ \u00e9j<\/td><\/tr><tr><td class=\"has-text-align-center\" data-align=\"center\">14 \u00e9s 16 f\u0151s h\u00e1l\u00f3termek (Szent Imre H\u00e1z) 2 db<\/td><td class=\"has-text-align-center\" data-align=\"center\">4.500 Ft \/ f\u0151 \/ \u00e9j<\/td><\/tr><tr><td class=\"has-text-align-center\" data-align=\"center\">4 f\u0151s kish\u00e1zak (park) 12 db<\/td><td class=\"has-text-align-center\" data-align=\"center\">3.500 Ft \/ f\u0151 \/ \u00e9j<\/td><\/tr><tr><td class=\"has-text-align-center\" data-align=\"center\">\u00c1gynem\u0171haszn\u00e1lat (csak a Szent Istv\u00e1n H\u00e1zban biztos\u00edtunk \u00e1gynem\u0171t)<\/td><td class=\"has-text-align-center\" data-align=\"center\">1.000 Ft \/ f\u0151    (egyszeri d\u00edj)<\/td><\/tr><tr><td class=\"has-text-align-center\" data-align=\"center\">Kedvezm\u00e9nyt biztos\u00edtunk olyan Szeged-Csan\u00e1di egyh\u00e1zmegyei csoportoknak (int\u00e9zm\u00e9nyeknek), akik partneri kapcsolatban \u00e1llnak vel\u00fcnk.<\/td><td class=\"has-text-align-center\" data-align=\"center\">10 %<\/td><\/tr><\/tbody><\/table><figcaption class=\"wp-element-caption\">\u00c1raink t\u00e1j\u00e9koztat\u00f3 jelleg\u0171ek, nem min\u0151s\u00fclnek nyilv\u00e1nos aj\u00e1nlatt\u00e9telnek.<br>A felt\u00fcntetett \u00e1rak tartalmazz\u00e1k az \u00e1ltal\u00e1nos forgalmi ad\u00f3t.<br><\/figcaption><\/figure>\n<\/div>\n<\/div>\n\n\n\n<h2 class=\"wp-block-heading\">\u00c9tkez\u00e9s<\/h2>\n\n\n\n<p>Napi h\u00e1romszori \u00e9tkez\u00e9s \u00e1ll Vend\u00e9geink rendelkez\u00e9s\u00e9re az al\u00e1bbi \u00e1rakon.<\/p>\n\n\n\n<figure class=\"wp-block-table\"><table><tbody><tr><td class=\"has-text-align-center\" data-align=\"center\"><strong>\u00c9tkez\u00e9s<\/strong><\/td><td class=\"has-text-align-center\" data-align=\"center\"><strong>\u00c1r<\/strong><\/td><\/tr><tr><td class=\"has-text-align-center\" data-align=\"center\">Reggeli (norm\u00e1l \u00e9s di\u00e9t\u00e1s)<\/td><td class=\"has-text-align-center\" data-align=\"center\">1.800 Ft \/ f\u0151 \/ alkalom<\/td><\/tr><tr><td class=\"has-text-align-center\" data-align=\"center\">Eb\u00e9d <\/td><td class=\"has-text-align-center\" data-align=\"center\">2.800 Ft \/ f\u0151 \/ alkalom<\/td><\/tr><tr><td class=\"has-text-align-center\" data-align=\"center\">Di\u00e9t\u00e1s eb\u00e9d<\/td><td class=\"has-text-align-center\" data-align=\"center\">3.500 Ft \/ f\u0151 \/ alkalom<\/td><\/tr><tr><td class=\"has-text-align-center\" data-align=\"center\">Hideg vacsora (norm\u00e1l \u00e9s di\u00e9t\u00e1s)<\/td><td class=\"has-text-align-center\" data-align=\"center\">1.800 Ft \/ f\u0151 \/ alkalom<\/td><\/tr><tr><td class=\"has-text-align-center\" data-align=\"center\">Meleg vacsora<\/td><td class=\"has-text-align-center\" data-align=\"center\">2.800 Ft \/ f\u0151 \/ alkalom<\/td><\/tr><tr><td class=\"has-text-align-center\" data-align=\"center\">Di\u00e9t\u00e1s meleg vacsora<\/td><td class=\"has-text-align-center\" data-align=\"center\">3.500 Ft \/ f\u0151 \/ alkalom<\/td><\/tr><tr><td class=\"has-text-align-center\" data-align=\"center\">K\u00e1v\u00e9sz\u00fcnet bek\u00e9sz\u00edt\u00e9s<\/td><td class=\"has-text-align-center\" data-align=\"center\">1.400 Ft \/ f\u0151 \/ alkalom<\/td><\/tr><\/tbody><\/table><figcaption class=\"wp-element-caption\">\u00c1raink t\u00e1j\u00e9koztat\u00f3 jelleg\u0171ek, nem min\u0151s\u00fclnek nyilv\u00e1nos aj\u00e1nlatt\u00e9telnek.<br>A felt\u00fcntetett \u00e1rak tartalmazz\u00e1k az \u00e1ltal\u00e1nos forgalmi ad\u00f3t.<\/figcaption><\/figure>\n\n\n\n<p><\/p>\n\n\n\n<h2 class=\"wp-block-heading\">Teremb\u00e9rlet<\/h2>\n\n\n\n<p><strong>Sz\u00e1ll\u00f3vend\u00e9geink<\/strong> <strong>egy 20.000 Ft-os d\u00edj megfizet\u00e9se ellen\u00e9ben b\u00e1rmely k\u00f6z\u00f6ss\u00e9gi teret haszn\u00e1lhatj\u00e1k.<\/strong><\/p>\n\n\n\n<p>Amennyiben nem ker\u00fcl megrendel\u00e9sre sz\u00e1ll\u00e1sszolg\u00e1ltat\u00e1s, \u00fagy rendezv\u00e9nytermeinket az al\u00e1bbi \u00e1rakon tudjuk biztos\u00edtani.<\/p>\n\n\n\n<figure class=\"wp-block-table\"><table><tbody><tr><td class=\"has-text-align-center\" data-align=\"center\"><strong>Rendezv\u00e9nyterm\u00e9k<\/strong><\/td><td class=\"has-text-align-center\" data-align=\"center\"><strong>\u00c1r<\/strong>*<\/td><\/tr><tr><td class=\"has-text-align-center\" data-align=\"center\">Glattfelder Gyula Terem (alagsori nagy el\u0151ad\u00f3terem) 150 m\u00b2, 100 f\u0151<\/td><td class=\"has-text-align-center\" data-align=\"center\">63.500 Ft \/ nap        <\/td><\/tr><tr><td class=\"has-text-align-center\" data-align=\"center\">Klebelsberg Kuno Terem (alagsori kis el\u0151ad\u00f3terem) 50 m\u00b2, 40 f\u0151<\/td><td class=\"has-text-align-center\" data-align=\"center\">38.500 Ft \/ nap<\/td><\/tr><tr><td class=\"has-text-align-center\" data-align=\"center\">B\u00e1lint S\u00e1ndor Terem (alagsori kis t\u00e1rgyal\u00f3terem) 16 m\u00b2, 6-8 f\u0151<\/td><td class=\"has-text-align-center\" data-align=\"center\">20.000 Ft \/ nap<\/td><\/tr><tr><td class=\"has-text-align-center\" data-align=\"center\">Boldog Gizella \u00c9p\u00fclet (k\u00f6z\u00f6ss\u00e9gi t\u00e9r egyszer\u0171 el\u0151k\u00e9sz\u00edt\u0151 konyh\u00e1val) 60 m\u00b2, 40 f\u0151<\/td><td class=\"has-text-align-center\" data-align=\"center\">50.000 Ft \/ nap<\/td><\/tr><tr><td class=\"has-text-align-center\" data-align=\"center\">Szent Gell\u00e9rt Terem (tet\u0151t\u00e9ri t\u00e1rsalg\u00f3) 80 m\u00b2<\/td><td class=\"has-text-align-center\" data-align=\"center\">25.500 Ft \/ nap<\/td><\/tr><tr><td class=\"has-text-align-center\" data-align=\"center\">\u00c9tkez\u0151 60 m\u00b2, 64 f\u0151<\/td><td class=\"has-text-align-center\" data-align=\"center\">63.500 Ft \/ nap<\/td><\/tr><tr><td class=\"has-text-align-center\" data-align=\"center\">Udvar b\u00e9rl\u00e9se<\/td><td class=\"has-text-align-center\" data-align=\"center\">50.000 Ft \/ nap<\/td><\/tr><tr><td class=\"has-text-align-center\" data-align=\"center\">Kedvezm\u00e9nyt biztos\u00edtunk olyan Szeged-Csan\u00e1di egyh\u00e1zmegyei csoportoknak (int\u00e9zm\u00e9nyeknek), akik partneri kapcsolatban \u00e1llnak vel\u00fcnk.<\/td><td class=\"has-text-align-center\" data-align=\"center\">10 %<\/td><\/tr><\/tbody><\/table><figcaption class=\"wp-element-caption\">\u00c1raink t\u00e1j\u00e9koztat\u00f3 jelleg\u0171ek, nem min\u0151s\u00fclnek nyilv\u00e1nos aj\u00e1nlatt\u00e9telnek.<br>A felt\u00fcntetett \u00e1rak tartalmazz\u00e1k az \u00e1ltal\u00e1nos forgalmi ad\u00f3t.<br><\/figcaption><\/figure>\n\n\n\n<h2 class=\"wp-block-heading\">Eszk\u00f6z\u00f6k \u00e9s szolg\u00e1ltat\u00e1sok<\/h2>\n\n\n\n<figure class=\"wp-block-table\"><table><tbody><tr><td class=\"has-text-align-center\" data-align=\"center\"><strong>Eszk\u00f6z<\/strong><\/td><td class=\"has-text-align-center\" data-align=\"center\"><strong>\u00c1r<\/strong><\/td><\/tr><tr><td class=\"has-text-align-center\" data-align=\"center\">Interakt\u00edv t\u00e1bla (65&#8243;)<\/td><td class=\"has-text-align-center\" data-align=\"center\">10.000 Ft \/ nap<\/td><\/tr><tr><td class=\"has-text-align-center\" data-align=\"center\">Projektor + vet\u00edt\u0151v\u00e1szon<\/td><td class=\"has-text-align-center\" data-align=\"center\">7.000 Ft \/ nap<\/td><\/tr><tr><td class=\"has-text-align-center\" data-align=\"center\">Laptop<\/td><td class=\"has-text-align-center\" data-align=\"center\">5.000 Ft \/ nap<\/td><\/tr><tr><td class=\"has-text-align-center\" data-align=\"center\">Flipchart (pap\u00edr + filc)<\/td><td class=\"has-text-align-center\" data-align=\"center\">5.000 Ft \/ nap<\/td><\/tr><tr><td class=\"has-text-align-center\" data-align=\"center\">Automata k\u00e1v\u00e9f\u0151z\u0151 bek\u00e9sz\u00edt\u00e9s<\/td><td class=\"has-text-align-center\" data-align=\"center\">6.000 Ft \/ nap<\/td><\/tr><tr><td class=\"has-text-align-center\" data-align=\"center\">T\u0171zrak\u00f3t\u00e1l + t\u00fczel\u0151<\/td><td class=\"has-text-align-center\" data-align=\"center\">5.000 Ft \/ alkalom<\/td><\/tr><tr><td class=\"has-text-align-center\" data-align=\"center\">G\u00e1zzs\u00e1moly + g\u00e1zpalack + bogr\u00e1cs<\/td><td class=\"has-text-align-center\" data-align=\"center\">5.000 Ft \/ alkalom<\/td><\/tr><tr><td class=\"has-text-align-center\" data-align=\"center\">\u00c9tk\u00e9szlet biztos\u00edt\u00e1sa rendezv\u00e9nyekhez<\/td><td class=\"has-text-align-center\" data-align=\"center\">15.000 Ft \/ nap<\/td><\/tr><tr><td class=\"has-text-align-center\" data-align=\"center\">Extra takar\u00edt\u00e1s, mosogat\u00e1s<\/td><td class=\"has-text-align-center\" data-align=\"center\">15.000 Ft \/ alkalom<\/td><\/tr><\/tbody><\/table><figcaption class=\"wp-element-caption\">\u00c1raink t\u00e1j\u00e9koztat\u00f3 jelleg\u0171ek, nem min\u0151s\u00fclnek nyilv\u00e1nos aj\u00e1nlatt\u00e9telnek.<br>A felt\u00fcntetett \u00e1rak tartalmazz\u00e1k az \u00e1ltal\u00e1nos forgalmi ad\u00f3t.<br><br><\/figcaption><\/figure>\n","protected":false},"excerpt":{"rendered":"<p>Szoba\u00e1rak Sz\u00e1ll\u00e1shely\u00fcnk az al\u00e1bbi szobat\u00edpusokkal \u00e9s \u00e1rakkal rendelkezik. Szobat\u00edpusok \u00c1r 4 f\u0151s szob\u00e1k (Szent Istv\u00e1n H\u00e1z) 12 db 7.000 Ft \/ f\u0151 \/ \u00e9j 1 f\u0151s szob\u00e1k (Szent Istv\u00e1n H\u00e1z) 2 db 9.000 Ft \/ f\u0151 \/ \u00e9j 14 \u00e9s 16 f\u0151s h\u00e1l\u00f3termek (Szent Imre H\u00e1z) 2 db 4.500 Ft \/ f\u0151 \/ \u00e9j 4&hellip; <br \/> <a class=\"read-more\" href=\"https:\/\/zoldfas.hu\/?page_id=19\">Read more<\/a><\/p>\n","protected":false},"author":1,"featured_media":0,"parent":0,"menu_order":0,"comment_status":"closed","ping_status":"closed","template":"","meta":{"ngg_post_thumbnail":0,"footnotes":""},"class_list":["post-19","page","type-page","status-publish","hentry"],"yoast_head":"<!-- This site is optimized with the Yoast SEO plugin v27.5 - https:\/\/yoast.com\/product\/yoast-seo-wordpress\/ -->\n<title>\u00c1raink - Z\u00f6ldf\u00e1s Lelkigyakorlatos H\u00e1z \u00e9s Ifj\u00fas\u00e1gi T\u00e1borhelysz\u00edn<\/title>\n<meta name=\"robots\" content=\"index, follow, max-snippet:-1, max-image-preview:large, max-video-preview:-1\" \/>\n<link rel=\"canonical\" href=\"https:\/\/zoldfas.hu\/?page_id=19\" \/>\n<meta property=\"og:locale\" content=\"hu_HU\" \/>\n<meta property=\"og:type\" content=\"article\" \/>\n<meta property=\"og:title\" content=\"\u00c1raink - Z\u00f6ldf\u00e1s Lelkigyakorlatos H\u00e1z \u00e9s Ifj\u00fas\u00e1gi T\u00e1borhelysz\u00edn\" \/>\n<meta property=\"og:description\" content=\"Szoba\u00e1rak Sz\u00e1ll\u00e1shely\u00fcnk az al\u00e1bbi szobat\u00edpusokkal \u00e9s \u00e1rakkal rendelkezik. Szobat\u00edpusok \u00c1r 4 f\u0151s szob\u00e1k (Szent Istv\u00e1n H\u00e1z) 12 db 7.000 Ft \/ f\u0151 \/ \u00e9j 1 f\u0151s szob\u00e1k (Szent Istv\u00e1n H\u00e1z) 2 db 9.000 Ft \/ f\u0151 \/ \u00e9j 14 \u00e9s 16 f\u0151s h\u00e1l\u00f3termek (Szent Imre H\u00e1z) 2 db 4.500 Ft \/ f\u0151 \/ \u00e9j 4&hellip; Read more\" \/>\n<meta property=\"og:url\" content=\"https:\/\/zoldfas.hu\/?page_id=19\" \/>\n<meta property=\"og:site_name\" content=\"Z\u00f6ldf\u00e1s Lelkigyakorlatos H\u00e1z \u00e9s Ifj\u00fas\u00e1gi T\u00e1borhelysz\u00edn\" \/>\n<meta property=\"article:publisher\" content=\"https:\/\/www.facebook.com\/zoldfas\" \/>\n<meta property=\"article:modified_time\" content=\"2026-04-23T08:14:04+00:00\" \/>\n<meta name=\"twitter:card\" content=\"summary_large_image\" \/>\n<meta name=\"twitter:label1\" content=\"Becs\u00fclt olvas\u00e1si id\u0151\" \/>\n\t<meta name=\"twitter:data1\" content=\"3 perc\" \/>\n<script type=\"application\/ld+json\" class=\"yoast-schema-graph\">{\"@context\":\"https:\\\/\\\/schema.org\",\"@graph\":[{\"@type\":\"WebPage\",\"@id\":\"https:\\\/\\\/zoldfas.hu\\\/?page_id=19\",\"url\":\"https:\\\/\\\/zoldfas.hu\\\/?page_id=19\",\"name\":\"\u00c1raink - Z\u00f6ldf\u00e1s Lelkigyakorlatos H\u00e1z \u00e9s Ifj\u00fas\u00e1gi T\u00e1borhelysz\u00edn\",\"isPartOf\":{\"@id\":\"https:\\\/\\\/zoldfas.hu\\\/#website\"},\"datePublished\":\"2024-03-12T22:17:39+00:00\",\"dateModified\":\"2026-04-23T08:14:04+00:00\",\"breadcrumb\":{\"@id\":\"https:\\\/\\\/zoldfas.hu\\\/?page_id=19#breadcrumb\"},\"inLanguage\":\"hu\",\"potentialAction\":[{\"@type\":\"ReadAction\",\"target\":[\"https:\\\/\\\/zoldfas.hu\\\/?page_id=19\"]}]},{\"@type\":\"BreadcrumbList\",\"@id\":\"https:\\\/\\\/zoldfas.hu\\\/?page_id=19#breadcrumb\",\"itemListElement\":[{\"@type\":\"ListItem\",\"position\":1,\"name\":\"Kezd\u0151lap\",\"item\":\"https:\\\/\\\/zoldfas.hu\\\/\"},{\"@type\":\"ListItem\",\"position\":2,\"name\":\"\u00c1raink\"}]},{\"@type\":\"WebSite\",\"@id\":\"https:\\\/\\\/zoldfas.hu\\\/#website\",\"url\":\"https:\\\/\\\/zoldfas.hu\\\/\",\"name\":\"Z\u00f6ldf\u00e1s\",\"description\":\"Z\u00f6ldf\u00e1s Lelkigyakorlatos H\u00e1z \u00e9s Ifj\u00fas\u00e1gi T\u00e1borhelysz\u00edn\",\"publisher\":{\"@id\":\"https:\\\/\\\/zoldfas.hu\\\/#organization\"},\"potentialAction\":[{\"@type\":\"SearchAction\",\"target\":{\"@type\":\"EntryPoint\",\"urlTemplate\":\"https:\\\/\\\/zoldfas.hu\\\/?s={search_term_string}\"},\"query-input\":{\"@type\":\"PropertyValueSpecification\",\"valueRequired\":true,\"valueName\":\"search_term_string\"}}],\"inLanguage\":\"hu\"},{\"@type\":\"Organization\",\"@id\":\"https:\\\/\\\/zoldfas.hu\\\/#organization\",\"name\":\"SZEKI\",\"url\":\"https:\\\/\\\/zoldfas.hu\\\/\",\"logo\":{\"@type\":\"ImageObject\",\"inLanguage\":\"hu\",\"@id\":\"https:\\\/\\\/zoldfas.hu\\\/#\\\/schema\\\/logo\\\/image\\\/\",\"url\":\"https:\\\/\\\/zoldfas.hu\\\/wp-content\\\/uploads\\\/2024\\\/03\\\/kateklogo-2023_logo-1.png\",\"contentUrl\":\"https:\\\/\\\/zoldfas.hu\\\/wp-content\\\/uploads\\\/2024\\\/03\\\/kateklogo-2023_logo-1.png\",\"width\":591,\"height\":591,\"caption\":\"SZEKI\"},\"image\":{\"@id\":\"https:\\\/\\\/zoldfas.hu\\\/#\\\/schema\\\/logo\\\/image\\\/\"},\"sameAs\":[\"https:\\\/\\\/www.facebook.com\\\/zoldfas\"]}]}<\/script>\n<!-- \/ Yoast SEO plugin. -->","yoast_head_json":{"title":"\u00c1raink - Z\u00f6ldf\u00e1s Lelkigyakorlatos H\u00e1z \u00e9s Ifj\u00fas\u00e1gi T\u00e1borhelysz\u00edn","robots":{"index":"index","follow":"follow","max-snippet":"max-snippet:-1","max-image-preview":"max-image-preview:large","max-video-preview":"max-video-preview:-1"},"canonical":"https:\/\/zoldfas.hu\/?page_id=19","og_locale":"hu_HU","og_type":"article","og_title":"\u00c1raink - Z\u00f6ldf\u00e1s Lelkigyakorlatos H\u00e1z \u00e9s Ifj\u00fas\u00e1gi T\u00e1borhelysz\u00edn","og_description":"Szoba\u00e1rak Sz\u00e1ll\u00e1shely\u00fcnk az al\u00e1bbi szobat\u00edpusokkal \u00e9s \u00e1rakkal rendelkezik. Szobat\u00edpusok \u00c1r 4 f\u0151s szob\u00e1k (Szent Istv\u00e1n H\u00e1z) 12 db 7.000 Ft \/ f\u0151 \/ \u00e9j 1 f\u0151s szob\u00e1k (Szent Istv\u00e1n H\u00e1z) 2 db 9.000 Ft \/ f\u0151 \/ \u00e9j 14 \u00e9s 16 f\u0151s h\u00e1l\u00f3termek (Szent Imre H\u00e1z) 2 db 4.500 Ft \/ f\u0151 \/ \u00e9j 4&hellip; Read more","og_url":"https:\/\/zoldfas.hu\/?page_id=19","og_site_name":"Z\u00f6ldf\u00e1s Lelkigyakorlatos H\u00e1z \u00e9s Ifj\u00fas\u00e1gi T\u00e1borhelysz\u00edn","article_publisher":"https:\/\/www.facebook.com\/zoldfas","article_modified_time":"2026-04-23T08:14:04+00:00","twitter_card":"summary_large_image","twitter_misc":{"Becs\u00fclt olvas\u00e1si id\u0151":"3 perc"},"schema":{"@context":"https:\/\/schema.org","@graph":[{"@type":"WebPage","@id":"https:\/\/zoldfas.hu\/?page_id=19","url":"https:\/\/zoldfas.hu\/?page_id=19","name":"\u00c1raink - Z\u00f6ldf\u00e1s Lelkigyakorlatos H\u00e1z \u00e9s Ifj\u00fas\u00e1gi T\u00e1borhelysz\u00edn","isPartOf":{"@id":"https:\/\/zoldfas.hu\/#website"},"datePublished":"2024-03-12T22:17:39+00:00","dateModified":"2026-04-23T08:14:04+00:00","breadcrumb":{"@id":"https:\/\/zoldfas.hu\/?page_id=19#breadcrumb"},"inLanguage":"hu","potentialAction":[{"@type":"ReadAction","target":["https:\/\/zoldfas.hu\/?page_id=19"]}]},{"@type":"BreadcrumbList","@id":"https:\/\/zoldfas.hu\/?page_id=19#breadcrumb","itemListElement":[{"@type":"ListItem","position":1,"name":"Kezd\u0151lap","item":"https:\/\/zoldfas.hu\/"},{"@type":"ListItem","position":2,"name":"\u00c1raink"}]},{"@type":"WebSite","@id":"https:\/\/zoldfas.hu\/#website","url":"https:\/\/zoldfas.hu\/","name":"Z\u00f6ldf\u00e1s","description":"Z\u00f6ldf\u00e1s Lelkigyakorlatos H\u00e1z \u00e9s Ifj\u00fas\u00e1gi T\u00e1borhelysz\u00edn","publisher":{"@id":"https:\/\/zoldfas.hu\/#organization"},"potentialAction":[{"@type":"SearchAction","target":{"@type":"EntryPoint","urlTemplate":"https:\/\/zoldfas.hu\/?s={search_term_string}"},"query-input":{"@type":"PropertyValueSpecification","valueRequired":true,"valueName":"search_term_string"}}],"inLanguage":"hu"},{"@type":"Organization","@id":"https:\/\/zoldfas.hu\/#organization","name":"SZEKI","url":"https:\/\/zoldfas.hu\/","logo":{"@type":"ImageObject","inLanguage":"hu","@id":"https:\/\/zoldfas.hu\/#\/schema\/logo\/image\/","url":"https:\/\/zoldfas.hu\/wp-content\/uploads\/2024\/03\/kateklogo-2023_logo-1.png","contentUrl":"https:\/\/zoldfas.hu\/wp-content\/uploads\/2024\/03\/kateklogo-2023_logo-1.png","width":591,"height":591,"caption":"SZEKI"},"image":{"@id":"https:\/\/zoldfas.hu\/#\/schema\/logo\/image\/"},"sameAs":["https:\/\/www.facebook.com\/zoldfas"]}]}},"_links":{"self":[{"href":"https:\/\/zoldfas.hu\/index.php?rest_route=\/wp\/v2\/pages\/19","targetHints":{"allow":["GET"]}}],"collection":[{"href":"https:\/\/zoldfas.hu\/index.php?rest_route=\/wp\/v2\/pages"}],"about":[{"href":"https:\/\/zoldfas.hu\/index.php?rest_route=\/wp\/v2\/types\/page"}],"author":[{"embeddable":true,"href":"https:\/\/zoldfas.hu\/index.php?rest_route=\/wp\/v2\/users\/1"}],"replies":[{"embeddable":true,"href":"https:\/\/zoldfas.hu\/index.php?rest_route=%2Fwp%2Fv2%2Fcomments&post=19"}],"version-history":[{"count":52,"href":"https:\/\/zoldfas.hu\/index.php?rest_route=\/wp\/v2\/pages\/19\/revisions"}],"predecessor-version":[{"id":1648,"href":"https:\/\/zoldfas.hu\/index.php?rest_route=\/wp\/v2\/pages\/19\/revisions\/1648"}],"wp:attachment":[{"href":"https:\/\/zoldfas.hu\/index.php?rest_route=%2Fwp%2Fv2%2Fmedia&parent=19"}],"curies":[{"name":"wp","href":"https:\/\/api.w.org\/{rel}","templated":true}]}}