{"id":6,"date":"2024-03-12T21:31:39","date_gmt":"2024-03-12T21:31:39","guid":{"rendered":"https:\/\/zoldfas.hu\/?page_id=6"},"modified":"2025-05-20T08:42:15","modified_gmt":"2025-05-20T08:42:15","slug":"mesmerize","status":"publish","type":"page","link":"https:\/\/zoldfas.hu\/","title":{"rendered":"Front Page"},"content":{"rendered":"\t\t<div data-elementor-type=\"wp-page\" data-elementor-id=\"6\" class=\"elementor elementor-6\">\n\t\t\t\t<div class=\"elementor-element elementor-element-2ef3f0f8 e-flex e-con-boxed e-con e-parent\" data-id=\"2ef3f0f8\" data-element_type=\"container\" data-e-type=\"container\">\n\t\t\t\t\t<div class=\"e-con-inner\">\n\t\t\t\t<div class=\"elementor-element elementor-element-729fe629 elementor-widget elementor-widget-text-editor\" data-id=\"729fe629\" data-element_type=\"widget\" data-e-type=\"widget\" data-widget_type=\"text-editor.default\">\n\t\t\t\t<div class=\"elementor-widget-container\">\n\t\t\t\t\t\t\t\t\t<div id=\"clients-1\" class=\"clients-4 content-section content-section-spacing-small\" style=\"background-color: #ffffff;\" data-label=\"Clients\" data-id=\"clients--1\" data-export-id=\"clients-4\" data-category=\"clients\"><div class=\"gridContainer\"><div class=\"row\"><div class=\"section-title-col\" data-type=\"column\">\u00a0<\/div><\/div><div class=\"row spaced-cols middle-xs center-xs space-bottom padding-lr\" data-type=\"row\"><div class=\"col-xs-6 col-sm-2\"><p><a href=\"https:\/\/zoldfas.hu\/?page_id=14\" target=\"_blank\" rel=\"noopener\"><img fetchpriority=\"high\" decoding=\"async\" class=\"alignnone\" title=\"cropped-cropped-handshake-3498407_1280.png\" src=\"https:\/\/zoldfas.hu\/wp-content\/uploads\/2024\/03\/cropped-cropped-handshake-3498407_1280.png\" alt=\"\" width=\"1280\" height=\"1280\" \/><\/a><\/p><h5 class=\"\">Aj\u00e1nlatk\u00e9r\u00e9s \u00e9s foglal\u00e1s\u00a0<\/h5><\/div><\/div><\/div><\/div><div id=\"overlappable-1\" class=\"overlappable-4 content-section content-section-spacing\" style=\"background-color: #f5fafd; background-image: none;\" data-label=\"Overlappable\" data-id=\"overlappable--1\" data-export-id=\"overlappable-4\" data-category=\"overlappable\" data-overlap=\"true\"><div class=\"gridContainer\"><div class=\"row spaced-cols text-center\" data-type=\"row\"><div class=\"col-xs-12 col-sm-4 col-padding\"><div class=\"\" data-type=\"column\"><h5><a href=\"https:\/\/zoldfas.hu\/?page_id=75\" target=\"_blank\" rel=\"noopener\"><img decoding=\"async\" class=\"aligncenter wp-image-1242 size-medium\" src=\"https:\/\/zoldfas.hu\/wp-content\/uploads\/2025\/01\/25-01-16-13-56-49-F708-300x300.jpg\" alt=\"\" width=\"300\" height=\"300\" srcset=\"https:\/\/zoldfas.hu\/wp-content\/uploads\/2025\/01\/25-01-16-13-56-49-F708-300x300.jpg 300w, https:\/\/zoldfas.hu\/wp-content\/uploads\/2025\/01\/25-01-16-13-56-49-F708-1024x1024.jpg 1024w, https:\/\/zoldfas.hu\/wp-content\/uploads\/2025\/01\/25-01-16-13-56-49-F708-150x150.jpg 150w, https:\/\/zoldfas.hu\/wp-content\/uploads\/2025\/01\/25-01-16-13-56-49-F708-768x768.jpg 768w, https:\/\/zoldfas.hu\/wp-content\/uploads\/2025\/01\/25-01-16-13-56-49-F708-1536x1536.jpg 1536w, https:\/\/zoldfas.hu\/wp-content\/uploads\/2025\/01\/25-01-16-13-56-49-F708-1080x1080.jpg 1080w, https:\/\/zoldfas.hu\/wp-content\/uploads\/2025\/01\/25-01-16-13-56-49-F708.jpg 2048w\" sizes=\"(max-width: 300px) 100vw, 300px\" \/><\/a><\/h5><h5 class=\"\"><a href=\"https:\/\/zoldfas.hu\/?page_id=75\" target=\"_blank\" rel=\"noopener\">Sz\u00e1ll\u00e1shelysz\u00ednek<\/a><\/h5><p><img decoding=\"async\" class=\"aligncenter wp-image-1306\" src=\"https:\/\/zoldfas.hu\/wp-content\/uploads\/2025\/01\/Szallashelyszinek.jpg\" alt=\"\" width=\"75\" height=\"74\" srcset=\"https:\/\/zoldfas.hu\/wp-content\/uploads\/2025\/01\/Szallashelyszinek.jpg 279w, https:\/\/zoldfas.hu\/wp-content\/uploads\/2025\/01\/Szallashelyszinek-150x150.jpg 150w\" sizes=\"(max-width: 75px) 100vw, 75px\" \/><\/p><p class=\"\">Lelkigyakorlatos h\u00e1zunk h\u00e1rom k\u00fcl\u00f6nb\u00f6z\u0151 elhelyez\u00e9si m\u00f3dot \u00e9s nagy k\u00f6z\u00f6ss\u00e9gi tereket k\u00edn\u00e1l Vend\u00e9geink sz\u00e1m\u00e1r\u00e1, amelyek k\u00f6z\u00f6tt v\u00e1logatva mindenki megtal\u00e1lhatja a hozz\u00e1 legk\u00f6zelebb \u00e1ll\u00f3 sz\u00e1ll\u00e1slehet\u0151s\u00e9get.<\/p><\/div><\/div><div class=\"col-xs-12 col-sm-4 col-padding\"><div class=\"\" data-type=\"column\"><h5><a href=\"https:\/\/zoldfas.hu\/?page_id=77\" target=\"_blank\" rel=\"noopener\"><img loading=\"lazy\" decoding=\"async\" class=\"aligncenter wp-image-1243 size-medium\" src=\"https:\/\/zoldfas.hu\/wp-content\/uploads\/2025\/01\/25-01-16-13-58-56-2A62-300x300.jpg\" alt=\"\" width=\"300\" height=\"300\" srcset=\"https:\/\/zoldfas.hu\/wp-content\/uploads\/2025\/01\/25-01-16-13-58-56-2A62-300x300.jpg 300w, https:\/\/zoldfas.hu\/wp-content\/uploads\/2025\/01\/25-01-16-13-58-56-2A62-1024x1024.jpg 1024w, https:\/\/zoldfas.hu\/wp-content\/uploads\/2025\/01\/25-01-16-13-58-56-2A62-150x150.jpg 150w, https:\/\/zoldfas.hu\/wp-content\/uploads\/2025\/01\/25-01-16-13-58-56-2A62-768x768.jpg 768w, https:\/\/zoldfas.hu\/wp-content\/uploads\/2025\/01\/25-01-16-13-58-56-2A62-1536x1536.jpg 1536w, https:\/\/zoldfas.hu\/wp-content\/uploads\/2025\/01\/25-01-16-13-58-56-2A62-1080x1080.jpg 1080w, https:\/\/zoldfas.hu\/wp-content\/uploads\/2025\/01\/25-01-16-13-58-56-2A62.jpg 2048w\" sizes=\"(max-width: 300px) 100vw, 300px\" \/><\/a><\/h5><h5 class=\"\"><a href=\"https:\/\/zoldfas.hu\/?page_id=77\" target=\"_blank\" rel=\"noopener\">Gasztron\u00f3mia<\/a><\/h5><p><img loading=\"lazy\" decoding=\"async\" class=\"aligncenter wp-image-1304\" src=\"https:\/\/zoldfas.hu\/wp-content\/uploads\/2025\/01\/Gasztronomia.jpg\" alt=\"\" width=\"74\" height=\"73\" srcset=\"https:\/\/zoldfas.hu\/wp-content\/uploads\/2025\/01\/Gasztronomia.jpg 276w, https:\/\/zoldfas.hu\/wp-content\/uploads\/2025\/01\/Gasztronomia-150x150.jpg 150w\" sizes=\"(max-width: 74px) 100vw, 74px\" \/><\/p><p class=\"\">Nem csak a pihentet\u0151 alv\u00e1s \u00e9s lelki felt\u00f6lt\u0151d\u00e9s biztos\u00edtott Vend\u00e9geink sz\u00e1m\u00e1ra, hanem a t\u00e1pl\u00e1l\u00f3, \u00edzletes \u00e9telek is garant\u00e1ltak. Napi h\u00e1romszori \u00e9tkez\u00e9ssel tudunk szolg\u00e1lni, amelyek h\u00e1zias jelleg\u0171ek \u00e9s kiad\u00f3s fog\u00e1sokb\u00f3l tev\u0151dnek \u00f6ssze.<\/p><\/div><\/div><div class=\"col-xs-12 col-sm-4 col-padding\"><div class=\"\" data-type=\"column\"><h5><a href=\"https:\/\/zoldfas.hu\/?page_id=7\" target=\"_blank\" rel=\"noopener\"><img loading=\"lazy\" decoding=\"async\" class=\"aligncenter wp-image-1244 size-medium\" src=\"https:\/\/zoldfas.hu\/wp-content\/uploads\/2025\/01\/25-01-13-14-04-38-F148-300x300.jpg\" alt=\"\" width=\"300\" height=\"300\" srcset=\"https:\/\/zoldfas.hu\/wp-content\/uploads\/2025\/01\/25-01-13-14-04-38-F148-300x300.jpg 300w, https:\/\/zoldfas.hu\/wp-content\/uploads\/2025\/01\/25-01-13-14-04-38-F148-1024x1024.jpg 1024w, https:\/\/zoldfas.hu\/wp-content\/uploads\/2025\/01\/25-01-13-14-04-38-F148-150x150.jpg 150w, https:\/\/zoldfas.hu\/wp-content\/uploads\/2025\/01\/25-01-13-14-04-38-F148-768x768.jpg 768w, https:\/\/zoldfas.hu\/wp-content\/uploads\/2025\/01\/25-01-13-14-04-38-F148-1536x1536.jpg 1536w, https:\/\/zoldfas.hu\/wp-content\/uploads\/2025\/01\/25-01-13-14-04-38-F148-1080x1080.jpg 1080w, https:\/\/zoldfas.hu\/wp-content\/uploads\/2025\/01\/25-01-13-14-04-38-F148.jpg 2048w\" sizes=\"(max-width: 300px) 100vw, 300px\" \/><\/a><\/h5><h5 class=\"\"><a href=\"https:\/\/zoldfas.hu\/?page_id=7\" target=\"_blank\" rel=\"noopener\">Programjaink<\/a><\/h5><p><img loading=\"lazy\" decoding=\"async\" class=\"aligncenter wp-image-1305\" src=\"https:\/\/zoldfas.hu\/wp-content\/uploads\/2025\/01\/Programjaink.jpg\" alt=\"\" width=\"75\" height=\"74\" srcset=\"https:\/\/zoldfas.hu\/wp-content\/uploads\/2025\/01\/Programjaink.jpg 272w, https:\/\/zoldfas.hu\/wp-content\/uploads\/2025\/01\/Programjaink-150x150.jpg 150w\" sizes=\"(max-width: 75px) 100vw, 75px\" \/><\/p><p class=\"\">Sok k\u00fcls\u0151s program helysz\u00edn\u00e9\u00fcl szolg\u00e1lunk, ugyanakkor saj\u00e1t rendez\u00e9s\u0171 esem\u00e9nyeket is szervez\u00fcnk. Aktu\u00e1lis programjainkr\u00f3l a H\u00edreink men\u00fcpont alatt lehet t\u00e1j\u00e9koz\u00f3dni.<\/p><\/div><\/div><\/div><\/div><\/div><div id=\"portfolio-1\" class=\"portfolio-5 content-section content-section-spacing\" style=\"background-color: #f5fafd;\" data-label=\"Portfolio\" data-id=\"portfolio--1\" data-export-id=\"portfolio-5\" data-category=\"portfolio\"><div class=\"gridContainer\"><div class=\"row text-center\"><div class=\"section-title-col\" data-type=\"column\"><h2 class=\"\">SZOB\u00c1K<\/h2><p class=\"lead\">Lelkigyakorlatos h\u00e1zunk h\u00e1rom k\u00fcl\u00f6nb\u00f6z\u0151 elhelyez\u00e9si form\u00e1t biztos\u00edt Vend\u00e9geink sz\u00e1m\u00e1ra.<\/p><\/div><\/div><div class=\"row space-bottom spaced-cols\" data-type=\"row\"><div class=\"col-xs-12 col-sm-4 text-center\"><div class=\"card no-padding bordered\"><div class=\"contentswap-effect\" data-hover-fx=\"portfolio-6\"><div class=\"initial-image\"><img loading=\"lazy\" decoding=\"async\" class=\"aligncenter size-medium wp-image-1190\" src=\"https:\/\/zoldfas.hu\/wp-content\/uploads\/2025\/01\/6M29640-HDR-Edit-300x200.jpg\" alt=\"\" width=\"300\" height=\"200\" srcset=\"https:\/\/zoldfas.hu\/wp-content\/uploads\/2025\/01\/6M29640-HDR-Edit-300x200.jpg 300w, https:\/\/zoldfas.hu\/wp-content\/uploads\/2025\/01\/6M29640-HDR-Edit-1024x683.jpg 1024w, https:\/\/zoldfas.hu\/wp-content\/uploads\/2025\/01\/6M29640-HDR-Edit-768x512.jpg 768w, https:\/\/zoldfas.hu\/wp-content\/uploads\/2025\/01\/6M29640-HDR-Edit-1536x1024.jpg 1536w, https:\/\/zoldfas.hu\/wp-content\/uploads\/2025\/01\/6M29640-HDR-Edit-2048x1365.jpg 2048w, https:\/\/zoldfas.hu\/wp-content\/uploads\/2025\/01\/6M29640-HDR-Edit-1620x1080.jpg 1620w\" sizes=\"(max-width: 300px) 100vw, 300px\" \/><\/div><div class=\"overlay bg-color6\">\u00a0<\/div><div class=\"swap-inner col-xs-12\"><div class=\"row full-height-row middle-xs middle-sm\"><div class=\"col-xs-12 text-center content-holder\"><a class=\"button small color2\" href=\"https:\/\/zoldfas.hu?page_id=75\" target=\"_blank\" rel=\"noopener\" data-cp-link=\"1\">Aj\u00e1nlatk\u00e9r\u00e9s \u00e9s foglal\u00e1s <\/a><\/div><\/div><\/div><\/div><div class=\"col-xs-12\"><div class=\"space-bottom space-top\" data-type=\"column\"><h5 class=\"\">Szent Istv\u00e1n H\u00e1z<\/h5><p class=\"small italic\">A Szent Istv\u00e1n H\u00e1zban (f\u0151\u00e9p\u00fclet) 12 db t\u00e1gas \u00e9s napf\u00e9nyes n\u00e9gy\u00e1gyas szoba \u00e1ll rendelkez\u00e9sre. Emellett a magasf\u00f6ldszinten tal\u00e1lhat\u00f3 2 db egy\u00e1gyas szoba is, amely saj\u00e1t mosd\u00f3val rendelkezik.<\/p><\/div><\/div><\/div><\/div><div class=\"col-xs-12 col-sm-4 text-center\"><div class=\"card no-padding bordered\"><div class=\"contentswap-effect\" data-hover-fx=\"portfolio-6\"><div class=\"initial-image\"><img decoding=\"async\" src=\"https:\/\/zoldfas.hu\/wp-content\/uploads\/2024\/03\/cropped-6M23484-Edit-2-scaled-2.jpg\" data-size=\"500x333\" \/><\/div><div class=\"overlay bg-color6\">\u00a0<\/div><div class=\"swap-inner col-xs-12\"><div class=\"row full-height-row middle-xs middle-sm\"><div class=\"col-xs-12 text-center content-holder\"><a class=\"button small color2\" href=\"https:\/\/zoldfas.hu?page_id=75\" target=\"_blank\" rel=\"noopener\" data-cp-link=\"1\">Aj\u00e1nlatk\u00e9r\u00e9s \u00e9s foglal\u00e1s <\/a><\/div><\/div><\/div><\/div><div class=\"col-xs-12\"><div class=\"space-bottom space-top\" data-type=\"column\"><h5 class=\"\">Szent Imre H\u00e1z<\/h5><p class=\"small italic\">A Szent Imre H\u00e1zban tal\u00e1lhat\u00f3 k\u00e9t nagyl\u00e9tsz\u00e1m\u00fa szob\u00e1t kifejezetten oszt\u00e1lyk\u00f6z\u00f6ss\u00e9gek, csoportok sz\u00e1m\u00e1ra aj\u00e1nljuk, akik szeretnek egy k\u00f6z\u00f6ss\u00e9g\u00e9 kov\u00e1csol\u00f3dni. A k\u00e9t szob\u00e1hoz egy korszer\u0171en kialak\u00edtott mosd\u00f3 egys\u00e9g is tartozik. Az itt megsz\u00e1ll\u00f3 csoportok vezet\u0151j\u00e9nek a szob\u00e1k k\u00f6zvetlen szomsz\u00e9ds\u00e1g\u00e1ban kialak\u00edtott egy\u00e1gyas szob\u00e1t gr\u00e1tiszk\u00e9nt adjuk.<\/p><\/div><\/div><\/div><\/div><div class=\"col-xs-12 col-sm-4 text-center\"><div class=\"card no-padding bordered\"><div class=\"contentswap-effect\" data-hover-fx=\"portfolio-6\"><div class=\"initial-image\"><img decoding=\"async\" src=\"https:\/\/zoldfas.hu\/wp-content\/uploads\/2024\/05\/cropped-Kishazak.png\" data-size=\"500x333\" \/><\/div><div class=\"overlay bg-color6\">\u00a0<\/div><div class=\"swap-inner col-xs-12\"><div class=\"row full-height-row middle-xs middle-sm\"><div class=\"col-xs-12 text-center content-holder\"><a class=\"button small color2\" href=\"https:\/\/zoldfas.hu?page_id=75\" target=\"_blank\" rel=\"noopener\" data-cp-link=\"1\">Aj\u00e1nlatk\u00e9r\u00e9s \u00e9s foglal\u00e1s <\/a><\/div><\/div><\/div><\/div><div class=\"col-xs-12\"><div class=\"space-bottom space-top\" data-type=\"column\"><h5 class=\"\">T\u00e1bori Kis H\u00e1zak<\/h5><p class=\"small italic\">A lelkigyakorlatok \u00e9s csendes elvonul\u00e1sok mellett a ny\u00e1ri id\u0151szakban nagy szeretettel fogadjuk az ifj\u00fas\u00e1gi koroszt\u00e1ly t\u00e1borait. Ehhez var\u00e1zslatos helysz\u00ednt biztos\u00edt az egyenk\u00e9nt 4 f\u00e9r\u0151hellyel rendelkez\u0151 kish\u00e1zak k\u00f6re. \u00d6sszesen 12 h\u00e1z \u00e1ll rendelkez\u00e9sre Vend\u00e9geink sz\u00e1m\u00e1ra. K\u00fcl\u00f6n f\u00e9rfi \u00e9s n\u0151i mosd\u00f3 tal\u00e1lhat\u00f3 a kish\u00e1zak k\u00f6zvetlen k\u00f6zel\u00e9ben. Ezt a sz\u00e1ll\u00e1st\u00edpust csak m\u00e1jus \u00e9s okt\u00f3ber k\u00f6z\u00f6tti id\u0151szakban vehetik ig\u00e9nybe Vend\u00e9geink.<\/p><p>\u00a0<\/p><\/div><\/div><\/div><\/div><\/div><div class=\"row\"><div data-type=\"column\"><img loading=\"lazy\" decoding=\"async\" class=\"aligncenter  wp-image-1312\" src=\"https:\/\/zoldfas.hu\/wp-content\/uploads\/2025\/01\/Varjuk-az-erdeklodoket-felirat-300x20.png\" alt=\"\" width=\"432\" height=\"29\" srcset=\"https:\/\/zoldfas.hu\/wp-content\/uploads\/2025\/01\/Varjuk-az-erdeklodoket-felirat-300x20.png 300w, https:\/\/zoldfas.hu\/wp-content\/uploads\/2025\/01\/Varjuk-az-erdeklodoket-felirat-1024x68.png 1024w, https:\/\/zoldfas.hu\/wp-content\/uploads\/2025\/01\/Varjuk-az-erdeklodoket-felirat-768x51.png 768w, https:\/\/zoldfas.hu\/wp-content\/uploads\/2025\/01\/Varjuk-az-erdeklodoket-felirat.png 1388w\" sizes=\"(max-width: 432px) 100vw, 432px\" \/><\/div><\/div><\/div><\/div><div id=\"about-2\" class=\"about-1 content-section\" style=\"background-color: #f5fafd;\" data-label=\"About\" data-id=\"about--2\" data-export-id=\"about-1\" data-category=\"about\"><div class=\"gridContainer\"><div class=\"row\"><div class=\"button-holder space-bottom space-bottom-small\" data-type=\"column\"><a class=\"button color1\" href=\"https:\/\/zoldfas.hu\/wp-content\/uploads\/2024\/06\/Zoldfas-ismerteto.pdf\" target=\"_blank\" rel=\"noopener\" data-cp-link=\"1\">Prom\u00f3ci\u00f3s anyag let\u00f6lt\u00e9se<\/a><\/div><div class=\"col-xs bottom-xs flexbox image-group-bottom-3-img space-bottom-xs center-xs\"><a class=\"left-img-anchor\" href=\"https:\/\/zoldfas.hu\/wp-content\/uploads\/2024\/06\/cropped-promo2.jpg\" target=\"_self\" rel=\"noopener\" data-cp-link=\"1\"><img decoding=\"async\" class=\"left-img shadow-large-black\" title=\"Z\u00f6ldf\u00e1s prom\u00f3ci\u00f3s anyag-2\" src=\"https:\/\/zoldfas.hu\/wp-content\/uploads\/2024\/06\/cropped-promo2.jpg\" alt=\"\" data-size=\"500x300\" \/><\/a> <a class=\"center-img-anchor\" href=\"https:\/\/zoldfas.hu\/wp-content\/uploads\/2024\/06\/cropped-promo1.jpg\" target=\"_self\" rel=\"noopener\" data-cp-link=\"1\"><img decoding=\"async\" class=\"center-img shadow-large-black\" title=\"Z\u00f6ldf\u00e1s prom\u00f3ci\u00f3s anyag-1\" src=\"https:\/\/zoldfas.hu\/wp-content\/uploads\/2024\/06\/cropped-promo1.jpg\" alt=\"\" data-size=\"500x300\" \/><\/a> <a class=\"right-img-anchor\" href=\"https:\/\/zoldfas.hu\/wp-content\/uploads\/2024\/06\/cropped-promo3.jpg\" target=\"_self\" rel=\"noopener\" data-cp-link=\"1\"><img decoding=\"async\" class=\"right-img shadow-large-black\" title=\"Z\u00f6ldf\u00e1s prom\u00f3ci\u00f3s anyag-3\" src=\"https:\/\/zoldfas.hu\/wp-content\/uploads\/2024\/06\/cropped-promo3.jpg\" alt=\"\" data-size=\"500x300\" \/><\/a><\/div><\/div><\/div><\/div>\t\t\t\t\t\t\t\t<\/div>\n\t\t\t\t<\/div>\n\t\t\t\t\t<\/div>\n\t\t\t\t<\/div>\n\t\t\t\t<\/div>\n\t\t","protected":false},"excerpt":{"rendered":"","protected":false},"author":1,"featured_media":0,"parent":0,"menu_order":0,"comment_status":"closed","ping_status":"closed","template":"","meta":{"ngg_post_thumbnail":0,"footnotes":""},"class_list":["post-6","page","type-page","status-publish","hentry"],"yoast_head":"<!-- This site is optimized with the Yoast SEO plugin v27.5 - https:\/\/yoast.com\/product\/yoast-seo-wordpress\/ -->\n<title>Front Page - Z\u00f6ldf\u00e1s Lelkigyakorlatos H\u00e1z \u00e9s Ifj\u00fas\u00e1gi T\u00e1borhelysz\u00edn<\/title>\n<meta name=\"robots\" content=\"index, follow, max-snippet:-1, max-image-preview:large, max-video-preview:-1\" \/>\n<link rel=\"canonical\" href=\"https:\/\/zoldfas.hu\/\" \/>\n<meta property=\"og:locale\" content=\"hu_HU\" \/>\n<meta property=\"og:type\" content=\"article\" \/>\n<meta property=\"og:title\" content=\"Front Page - Z\u00f6ldf\u00e1s Lelkigyakorlatos H\u00e1z \u00e9s Ifj\u00fas\u00e1gi T\u00e1borhelysz\u00edn\" \/>\n<meta property=\"og:url\" content=\"https:\/\/zoldfas.hu\/\" \/>\n<meta property=\"og:site_name\" content=\"Z\u00f6ldf\u00e1s Lelkigyakorlatos H\u00e1z \u00e9s Ifj\u00fas\u00e1gi T\u00e1borhelysz\u00edn\" \/>\n<meta property=\"article:publisher\" content=\"https:\/\/www.facebook.com\/zoldfas\" \/>\n<meta property=\"article:modified_time\" content=\"2025-05-20T08:42:15+00:00\" \/>\n<meta name=\"twitter:card\" content=\"summary_large_image\" \/>\n<meta name=\"twitter:label1\" content=\"Becs\u00fclt olvas\u00e1si id\u0151\" \/>\n\t<meta name=\"twitter:data1\" content=\"5 perc\" \/>\n<script type=\"application\/ld+json\" class=\"yoast-schema-graph\">{\"@context\":\"https:\\\/\\\/schema.org\",\"@graph\":[{\"@type\":\"WebPage\",\"@id\":\"https:\\\/\\\/zoldfas.hu\\\/\",\"url\":\"https:\\\/\\\/zoldfas.hu\\\/\",\"name\":\"Front Page - Z\u00f6ldf\u00e1s Lelkigyakorlatos H\u00e1z \u00e9s Ifj\u00fas\u00e1gi T\u00e1borhelysz\u00edn\",\"isPartOf\":{\"@id\":\"https:\\\/\\\/zoldfas.hu\\\/#website\"},\"datePublished\":\"2024-03-12T21:31:39+00:00\",\"dateModified\":\"2025-05-20T08:42:15+00:00\",\"breadcrumb\":{\"@id\":\"https:\\\/\\\/zoldfas.hu\\\/#breadcrumb\"},\"inLanguage\":\"hu\",\"potentialAction\":[{\"@type\":\"ReadAction\",\"target\":[\"https:\\\/\\\/zoldfas.hu\\\/\"]}]},{\"@type\":\"BreadcrumbList\",\"@id\":\"https:\\\/\\\/zoldfas.hu\\\/#breadcrumb\",\"itemListElement\":[{\"@type\":\"ListItem\",\"position\":1,\"name\":\"Kezd\u0151lap\",\"item\":\"https:\\\/\\\/zoldfas.hu\\\/\"},{\"@type\":\"ListItem\",\"position\":2,\"name\":\"Front Page\"}]},{\"@type\":\"WebSite\",\"@id\":\"https:\\\/\\\/zoldfas.hu\\\/#website\",\"url\":\"https:\\\/\\\/zoldfas.hu\\\/\",\"name\":\"Z\u00f6ldf\u00e1s\",\"description\":\"Z\u00f6ldf\u00e1s Lelkigyakorlatos H\u00e1z \u00e9s Ifj\u00fas\u00e1gi T\u00e1borhelysz\u00edn\",\"publisher\":{\"@id\":\"https:\\\/\\\/zoldfas.hu\\\/#organization\"},\"potentialAction\":[{\"@type\":\"SearchAction\",\"target\":{\"@type\":\"EntryPoint\",\"urlTemplate\":\"https:\\\/\\\/zoldfas.hu\\\/?s={search_term_string}\"},\"query-input\":{\"@type\":\"PropertyValueSpecification\",\"valueRequired\":true,\"valueName\":\"search_term_string\"}}],\"inLanguage\":\"hu\"},{\"@type\":\"Organization\",\"@id\":\"https:\\\/\\\/zoldfas.hu\\\/#organization\",\"name\":\"SZEKI\",\"url\":\"https:\\\/\\\/zoldfas.hu\\\/\",\"logo\":{\"@type\":\"ImageObject\",\"inLanguage\":\"hu\",\"@id\":\"https:\\\/\\\/zoldfas.hu\\\/#\\\/schema\\\/logo\\\/image\\\/\",\"url\":\"https:\\\/\\\/zoldfas.hu\\\/wp-content\\\/uploads\\\/2024\\\/03\\\/kateklogo-2023_logo-1.png\",\"contentUrl\":\"https:\\\/\\\/zoldfas.hu\\\/wp-content\\\/uploads\\\/2024\\\/03\\\/kateklogo-2023_logo-1.png\",\"width\":591,\"height\":591,\"caption\":\"SZEKI\"},\"image\":{\"@id\":\"https:\\\/\\\/zoldfas.hu\\\/#\\\/schema\\\/logo\\\/image\\\/\"},\"sameAs\":[\"https:\\\/\\\/www.facebook.com\\\/zoldfas\"]}]}<\/script>\n<!-- \/ Yoast SEO plugin. -->","yoast_head_json":{"title":"Front Page - Z\u00f6ldf\u00e1s Lelkigyakorlatos H\u00e1z \u00e9s Ifj\u00fas\u00e1gi T\u00e1borhelysz\u00edn","robots":{"index":"index","follow":"follow","max-snippet":"max-snippet:-1","max-image-preview":"max-image-preview:large","max-video-preview":"max-video-preview:-1"},"canonical":"https:\/\/zoldfas.hu\/","og_locale":"hu_HU","og_type":"article","og_title":"Front Page - Z\u00f6ldf\u00e1s Lelkigyakorlatos H\u00e1z \u00e9s Ifj\u00fas\u00e1gi T\u00e1borhelysz\u00edn","og_url":"https:\/\/zoldfas.hu\/","og_site_name":"Z\u00f6ldf\u00e1s Lelkigyakorlatos H\u00e1z \u00e9s Ifj\u00fas\u00e1gi T\u00e1borhelysz\u00edn","article_publisher":"https:\/\/www.facebook.com\/zoldfas","article_modified_time":"2025-05-20T08:42:15+00:00","twitter_card":"summary_large_image","twitter_misc":{"Becs\u00fclt olvas\u00e1si id\u0151":"5 perc"},"schema":{"@context":"https:\/\/schema.org","@graph":[{"@type":"WebPage","@id":"https:\/\/zoldfas.hu\/","url":"https:\/\/zoldfas.hu\/","name":"Front Page - Z\u00f6ldf\u00e1s Lelkigyakorlatos H\u00e1z \u00e9s Ifj\u00fas\u00e1gi T\u00e1borhelysz\u00edn","isPartOf":{"@id":"https:\/\/zoldfas.hu\/#website"},"datePublished":"2024-03-12T21:31:39+00:00","dateModified":"2025-05-20T08:42:15+00:00","breadcrumb":{"@id":"https:\/\/zoldfas.hu\/#breadcrumb"},"inLanguage":"hu","potentialAction":[{"@type":"ReadAction","target":["https:\/\/zoldfas.hu\/"]}]},{"@type":"BreadcrumbList","@id":"https:\/\/zoldfas.hu\/#breadcrumb","itemListElement":[{"@type":"ListItem","position":1,"name":"Kezd\u0151lap","item":"https:\/\/zoldfas.hu\/"},{"@type":"ListItem","position":2,"name":"Front Page"}]},{"@type":"WebSite","@id":"https:\/\/zoldfas.hu\/#website","url":"https:\/\/zoldfas.hu\/","name":"Z\u00f6ldf\u00e1s","description":"Z\u00f6ldf\u00e1s Lelkigyakorlatos H\u00e1z \u00e9s Ifj\u00fas\u00e1gi T\u00e1borhelysz\u00edn","publisher":{"@id":"https:\/\/zoldfas.hu\/#organization"},"potentialAction":[{"@type":"SearchAction","target":{"@type":"EntryPoint","urlTemplate":"https:\/\/zoldfas.hu\/?s={search_term_string}"},"query-input":{"@type":"PropertyValueSpecification","valueRequired":true,"valueName":"search_term_string"}}],"inLanguage":"hu"},{"@type":"Organization","@id":"https:\/\/zoldfas.hu\/#organization","name":"SZEKI","url":"https:\/\/zoldfas.hu\/","logo":{"@type":"ImageObject","inLanguage":"hu","@id":"https:\/\/zoldfas.hu\/#\/schema\/logo\/image\/","url":"https:\/\/zoldfas.hu\/wp-content\/uploads\/2024\/03\/kateklogo-2023_logo-1.png","contentUrl":"https:\/\/zoldfas.hu\/wp-content\/uploads\/2024\/03\/kateklogo-2023_logo-1.png","width":591,"height":591,"caption":"SZEKI"},"image":{"@id":"https:\/\/zoldfas.hu\/#\/schema\/logo\/image\/"},"sameAs":["https:\/\/www.facebook.com\/zoldfas"]}]}},"_links":{"self":[{"href":"https:\/\/zoldfas.hu\/index.php?rest_route=\/wp\/v2\/pages\/6","targetHints":{"allow":["GET"]}}],"collection":[{"href":"https:\/\/zoldfas.hu\/index.php?rest_route=\/wp\/v2\/pages"}],"about":[{"href":"https:\/\/zoldfas.hu\/index.php?rest_route=\/wp\/v2\/types\/page"}],"author":[{"embeddable":true,"href":"https:\/\/zoldfas.hu\/index.php?rest_route=\/wp\/v2\/users\/1"}],"replies":[{"embeddable":true,"href":"https:\/\/zoldfas.hu\/index.php?rest_route=%2Fwp%2Fv2%2Fcomments&post=6"}],"version-history":[{"count":97,"href":"https:\/\/zoldfas.hu\/index.php?rest_route=\/wp\/v2\/pages\/6\/revisions"}],"predecessor-version":[{"id":1514,"href":"https:\/\/zoldfas.hu\/index.php?rest_route=\/wp\/v2\/pages\/6\/revisions\/1514"}],"wp:attachment":[{"href":"https:\/\/zoldfas.hu\/index.php?rest_route=%2Fwp%2Fv2%2Fmedia&parent=6"}],"curies":[{"name":"wp","href":"https:\/\/api.w.org\/{rel}","templated":true}]}}