{"id":77,"date":"2024-03-17T21:56:48","date_gmt":"2024-03-17T21:56:48","guid":{"rendered":"https:\/\/zoldfas.hu\/?page_id=77"},"modified":"2025-10-01T07:16:51","modified_gmt":"2025-10-01T07:16:51","slug":"etkezes","status":"publish","type":"page","link":"https:\/\/zoldfas.hu\/?page_id=77","title":{"rendered":"\u00c9tkez\u00e9s"},"content":{"rendered":"\n<p>Nem csak a pihentet\u0151 alv\u00e1s \u00e9s lelki felt\u00f6lt\u0151d\u00e9s biztos\u00edtott Vend\u00e9geinknek, hanem a t\u00e1pl\u00e1l\u00f3, \u00edzletes \u00e9telek garant\u00e1l\u00e1sa is. Napi h\u00e1romszori \u00e9tkez\u00e9ssel tudunk szolg\u00e1lni, amelyek h\u00e1zias jelleg\u0171 \u00e9s kiad\u00f3s fog\u00e1sokb\u00f3l tev\u0151dnek \u00f6ssze.<\/p>\n\n\n\n<p>A megrendel\u00e9s v\u00e9gleges\u00edt\u00e9s\u00e9hez a kit\u00f6lt\u00f6tt megrendel\u0151lap e-mailben t\u00f6rt\u00e9n\u0151 visszak\u00fcld\u00e9se sz\u00fcks\u00e9ges. (info@zoldfas.hu)<\/p>\n\n\n\n<p><\/p>\n\n\n\n<hr class=\"wp-block-separator has-alpha-channel-opacity\"\/>\n\n\n\n<div class=\"wp-block-buttons is-content-justification-center is-layout-flex wp-container-core-buttons-is-layout-16018d1d wp-block-buttons-is-layout-flex\">\n<div class=\"wp-block-button\"><a class=\"wp-block-button__link wp-element-button\" href=\"https:\/\/zoldfas.hu\/wp-content\/uploads\/2025\/09\/Etkezes-megrendelolap-Zoldfas.pdf\" target=\"_blank\" rel=\"noreferrer noopener\">Megrendel\u0151 let\u00f6lt\u00e9se<\/a><\/div>\n<\/div>\n\n\n\n<p><\/p>\n\n\n\n<hr class=\"wp-block-separator has-alpha-channel-opacity\"\/>\n\n\n\n<div class=\"wp-block-media-text is-stacked-on-mobile\"><figure class=\"wp-block-media-text__media\"><img fetchpriority=\"high\" decoding=\"async\" width=\"1024\" height=\"1024\" src=\"https:\/\/zoldfas.hu\/wp-content\/uploads\/2025\/10\/9BFA621A-C8D3-469F-994F-29AE1D2579E4-1024x1024.jpg\" alt=\"\" class=\"wp-image-1534 size-full\" srcset=\"https:\/\/zoldfas.hu\/wp-content\/uploads\/2025\/10\/9BFA621A-C8D3-469F-994F-29AE1D2579E4-1024x1024.jpg 1024w, https:\/\/zoldfas.hu\/wp-content\/uploads\/2025\/10\/9BFA621A-C8D3-469F-994F-29AE1D2579E4-300x300.jpg 300w, https:\/\/zoldfas.hu\/wp-content\/uploads\/2025\/10\/9BFA621A-C8D3-469F-994F-29AE1D2579E4-150x150.jpg 150w, https:\/\/zoldfas.hu\/wp-content\/uploads\/2025\/10\/9BFA621A-C8D3-469F-994F-29AE1D2579E4-768x768.jpg 768w, https:\/\/zoldfas.hu\/wp-content\/uploads\/2025\/10\/9BFA621A-C8D3-469F-994F-29AE1D2579E4-1536x1536.jpg 1536w, https:\/\/zoldfas.hu\/wp-content\/uploads\/2025\/10\/9BFA621A-C8D3-469F-994F-29AE1D2579E4-1080x1080.jpg 1080w, https:\/\/zoldfas.hu\/wp-content\/uploads\/2025\/10\/9BFA621A-C8D3-469F-994F-29AE1D2579E4.jpg 2048w\" sizes=\"(max-width: 1024px) 100vw, 1024px\" \/><\/figure><div class=\"wp-block-media-text__content\">\n<p class=\"has-text-align-center\">Fontos sz\u00e1munkra, hogy minden Vend\u00e9g\u00fcnk el\u00e9gedetten t\u00e1vozzon sz\u00e1ll\u00e1shely\u00fcnkr\u0151l. A  v\u00e1ltozatos partneri kapcsolatainknak k\u00f6sz\u00f6nhet\u0151en minden \u00e9tkez\u00e9shez k\u00f6t\u0151d\u0151  ig\u00e9nynek eleget tudunk tenni. Legyen sz\u00f3 t\u00e1borok \u00e9tkeztet\u00e9s\u00e9r\u0151l, \u00fczleti eb\u00e9dr\u0151l, csal\u00e1di \u00f6sszej\u00f6vetelr\u0151l vagy ak\u00e1r ballag\u00e1si eb\u00e9dr\u0151l.<\/p>\n\n\n\n<p class=\"has-text-align-center\">Speci\u00e1lis \u00e9trendet is tudunk biztos\u00edtani (pl. b\u00f6jt\u00f6s men\u00fc, glut\u00e9nmentes, veget\u00e1ri\u00e1nus, tejmentes, toj\u00e1smentes \u00e9tkez\u00e9s)*.<\/p>\n\n\n\n<p class=\"has-text-align-center\">*Felh\u00edvjuk Vend\u00e9geink figyelm\u00e9t, hogy int\u00e9zm\u00e9ny\u00fcnk t\u00e1lal\u00f3konyh\u00e1ja nem glut\u00e9n- \u00e9s allerg\u00e9nmentes.<\/p>\n<\/div><\/div>\n","protected":false},"excerpt":{"rendered":"<p>Nem csak a pihentet\u0151 alv\u00e1s \u00e9s lelki felt\u00f6lt\u0151d\u00e9s biztos\u00edtott Vend\u00e9geinknek, hanem a t\u00e1pl\u00e1l\u00f3, \u00edzletes \u00e9telek garant\u00e1l\u00e1sa is. Napi h\u00e1romszori \u00e9tkez\u00e9ssel tudunk szolg\u00e1lni, amelyek h\u00e1zias jelleg\u0171 \u00e9s kiad\u00f3s fog\u00e1sokb\u00f3l tev\u0151dnek \u00f6ssze. A megrendel\u00e9s v\u00e9gleges\u00edt\u00e9s\u00e9hez a kit\u00f6lt\u00f6tt megrendel\u0151lap e-mailben t\u00f6rt\u00e9n\u0151 visszak\u00fcld\u00e9se sz\u00fcks\u00e9ges. (info@zoldfas.hu) Fontos sz\u00e1munkra, hogy minden Vend\u00e9g\u00fcnk el\u00e9gedetten t\u00e1vozzon sz\u00e1ll\u00e1shely\u00fcnkr\u0151l. A v\u00e1ltozatos partneri kapcsolatainknak k\u00f6sz\u00f6nhet\u0151en minden&hellip; <br \/> <a class=\"read-more\" href=\"https:\/\/zoldfas.hu\/?page_id=77\">Read more<\/a><\/p>\n","protected":false},"author":1,"featured_media":0,"parent":0,"menu_order":0,"comment_status":"closed","ping_status":"closed","template":"","meta":{"ngg_post_thumbnail":0,"footnotes":""},"class_list":["post-77","page","type-page","status-publish","hentry"],"yoast_head":"<!-- This site is optimized with the Yoast SEO plugin v27.5 - https:\/\/yoast.com\/product\/yoast-seo-wordpress\/ -->\n<title>\u00c9tkez\u00e9s - Z\u00f6ldf\u00e1s Lelkigyakorlatos H\u00e1z \u00e9s Ifj\u00fas\u00e1gi T\u00e1borhelysz\u00edn<\/title>\n<meta name=\"robots\" content=\"index, follow, max-snippet:-1, max-image-preview:large, max-video-preview:-1\" \/>\n<link rel=\"canonical\" href=\"https:\/\/zoldfas.hu\/?page_id=77\" \/>\n<meta property=\"og:locale\" content=\"hu_HU\" \/>\n<meta property=\"og:type\" content=\"article\" \/>\n<meta property=\"og:title\" content=\"\u00c9tkez\u00e9s - Z\u00f6ldf\u00e1s Lelkigyakorlatos H\u00e1z \u00e9s Ifj\u00fas\u00e1gi T\u00e1borhelysz\u00edn\" \/>\n<meta property=\"og:description\" content=\"Nem csak a pihentet\u0151 alv\u00e1s \u00e9s lelki felt\u00f6lt\u0151d\u00e9s biztos\u00edtott Vend\u00e9geinknek, hanem a t\u00e1pl\u00e1l\u00f3, \u00edzletes \u00e9telek garant\u00e1l\u00e1sa is. Napi h\u00e1romszori \u00e9tkez\u00e9ssel tudunk szolg\u00e1lni, amelyek h\u00e1zias jelleg\u0171 \u00e9s kiad\u00f3s fog\u00e1sokb\u00f3l tev\u0151dnek \u00f6ssze. A megrendel\u00e9s v\u00e9gleges\u00edt\u00e9s\u00e9hez a kit\u00f6lt\u00f6tt megrendel\u0151lap e-mailben t\u00f6rt\u00e9n\u0151 visszak\u00fcld\u00e9se sz\u00fcks\u00e9ges. (info@zoldfas.hu) Fontos sz\u00e1munkra, hogy minden Vend\u00e9g\u00fcnk el\u00e9gedetten t\u00e1vozzon sz\u00e1ll\u00e1shely\u00fcnkr\u0151l. A v\u00e1ltozatos partneri kapcsolatainknak k\u00f6sz\u00f6nhet\u0151en minden&hellip; Read more\" \/>\n<meta property=\"og:url\" content=\"https:\/\/zoldfas.hu\/?page_id=77\" \/>\n<meta property=\"og:site_name\" content=\"Z\u00f6ldf\u00e1s Lelkigyakorlatos H\u00e1z \u00e9s Ifj\u00fas\u00e1gi T\u00e1borhelysz\u00edn\" \/>\n<meta property=\"article:publisher\" content=\"https:\/\/www.facebook.com\/zoldfas\" \/>\n<meta property=\"article:modified_time\" content=\"2025-10-01T07:16:51+00:00\" \/>\n<meta property=\"og:image\" content=\"https:\/\/zoldfas.hu\/wp-content\/uploads\/2025\/10\/9BFA621A-C8D3-469F-994F-29AE1D2579E4.jpg\" \/>\n\t<meta property=\"og:image:width\" content=\"2048\" \/>\n\t<meta property=\"og:image:height\" content=\"2048\" \/>\n\t<meta property=\"og:image:type\" content=\"image\/jpeg\" \/>\n<meta name=\"twitter:card\" content=\"summary_large_image\" \/>\n<meta name=\"twitter:label1\" content=\"Becs\u00fclt olvas\u00e1si id\u0151\" \/>\n\t<meta name=\"twitter:data1\" content=\"1 perc\" \/>\n<script type=\"application\/ld+json\" class=\"yoast-schema-graph\">{\"@context\":\"https:\\\/\\\/schema.org\",\"@graph\":[{\"@type\":\"WebPage\",\"@id\":\"https:\\\/\\\/zoldfas.hu\\\/?page_id=77\",\"url\":\"https:\\\/\\\/zoldfas.hu\\\/?page_id=77\",\"name\":\"\u00c9tkez\u00e9s - Z\u00f6ldf\u00e1s Lelkigyakorlatos H\u00e1z \u00e9s Ifj\u00fas\u00e1gi T\u00e1borhelysz\u00edn\",\"isPartOf\":{\"@id\":\"https:\\\/\\\/zoldfas.hu\\\/#website\"},\"primaryImageOfPage\":{\"@id\":\"https:\\\/\\\/zoldfas.hu\\\/?page_id=77#primaryimage\"},\"image\":{\"@id\":\"https:\\\/\\\/zoldfas.hu\\\/?page_id=77#primaryimage\"},\"thumbnailUrl\":\"https:\\\/\\\/zoldfas.hu\\\/wp-content\\\/uploads\\\/2025\\\/10\\\/9BFA621A-C8D3-469F-994F-29AE1D2579E4-1024x1024.jpg\",\"datePublished\":\"2024-03-17T21:56:48+00:00\",\"dateModified\":\"2025-10-01T07:16:51+00:00\",\"breadcrumb\":{\"@id\":\"https:\\\/\\\/zoldfas.hu\\\/?page_id=77#breadcrumb\"},\"inLanguage\":\"hu\",\"potentialAction\":[{\"@type\":\"ReadAction\",\"target\":[\"https:\\\/\\\/zoldfas.hu\\\/?page_id=77\"]}]},{\"@type\":\"ImageObject\",\"inLanguage\":\"hu\",\"@id\":\"https:\\\/\\\/zoldfas.hu\\\/?page_id=77#primaryimage\",\"url\":\"https:\\\/\\\/zoldfas.hu\\\/wp-content\\\/uploads\\\/2025\\\/10\\\/9BFA621A-C8D3-469F-994F-29AE1D2579E4.jpg\",\"contentUrl\":\"https:\\\/\\\/zoldfas.hu\\\/wp-content\\\/uploads\\\/2025\\\/10\\\/9BFA621A-C8D3-469F-994F-29AE1D2579E4.jpg\",\"width\":2048,\"height\":2048},{\"@type\":\"BreadcrumbList\",\"@id\":\"https:\\\/\\\/zoldfas.hu\\\/?page_id=77#breadcrumb\",\"itemListElement\":[{\"@type\":\"ListItem\",\"position\":1,\"name\":\"Kezd\u0151lap\",\"item\":\"https:\\\/\\\/zoldfas.hu\\\/\"},{\"@type\":\"ListItem\",\"position\":2,\"name\":\"\u00c9tkez\u00e9s\"}]},{\"@type\":\"WebSite\",\"@id\":\"https:\\\/\\\/zoldfas.hu\\\/#website\",\"url\":\"https:\\\/\\\/zoldfas.hu\\\/\",\"name\":\"Z\u00f6ldf\u00e1s\",\"description\":\"Z\u00f6ldf\u00e1s Lelkigyakorlatos H\u00e1z \u00e9s Ifj\u00fas\u00e1gi T\u00e1borhelysz\u00edn\",\"publisher\":{\"@id\":\"https:\\\/\\\/zoldfas.hu\\\/#organization\"},\"potentialAction\":[{\"@type\":\"SearchAction\",\"target\":{\"@type\":\"EntryPoint\",\"urlTemplate\":\"https:\\\/\\\/zoldfas.hu\\\/?s={search_term_string}\"},\"query-input\":{\"@type\":\"PropertyValueSpecification\",\"valueRequired\":true,\"valueName\":\"search_term_string\"}}],\"inLanguage\":\"hu\"},{\"@type\":\"Organization\",\"@id\":\"https:\\\/\\\/zoldfas.hu\\\/#organization\",\"name\":\"SZEKI\",\"url\":\"https:\\\/\\\/zoldfas.hu\\\/\",\"logo\":{\"@type\":\"ImageObject\",\"inLanguage\":\"hu\",\"@id\":\"https:\\\/\\\/zoldfas.hu\\\/#\\\/schema\\\/logo\\\/image\\\/\",\"url\":\"https:\\\/\\\/zoldfas.hu\\\/wp-content\\\/uploads\\\/2024\\\/03\\\/kateklogo-2023_logo-1.png\",\"contentUrl\":\"https:\\\/\\\/zoldfas.hu\\\/wp-content\\\/uploads\\\/2024\\\/03\\\/kateklogo-2023_logo-1.png\",\"width\":591,\"height\":591,\"caption\":\"SZEKI\"},\"image\":{\"@id\":\"https:\\\/\\\/zoldfas.hu\\\/#\\\/schema\\\/logo\\\/image\\\/\"},\"sameAs\":[\"https:\\\/\\\/www.facebook.com\\\/zoldfas\"]}]}<\/script>\n<!-- \/ Yoast SEO plugin. -->","yoast_head_json":{"title":"\u00c9tkez\u00e9s - Z\u00f6ldf\u00e1s Lelkigyakorlatos H\u00e1z \u00e9s Ifj\u00fas\u00e1gi T\u00e1borhelysz\u00edn","robots":{"index":"index","follow":"follow","max-snippet":"max-snippet:-1","max-image-preview":"max-image-preview:large","max-video-preview":"max-video-preview:-1"},"canonical":"https:\/\/zoldfas.hu\/?page_id=77","og_locale":"hu_HU","og_type":"article","og_title":"\u00c9tkez\u00e9s - Z\u00f6ldf\u00e1s Lelkigyakorlatos H\u00e1z \u00e9s Ifj\u00fas\u00e1gi T\u00e1borhelysz\u00edn","og_description":"Nem csak a pihentet\u0151 alv\u00e1s \u00e9s lelki felt\u00f6lt\u0151d\u00e9s biztos\u00edtott Vend\u00e9geinknek, hanem a t\u00e1pl\u00e1l\u00f3, \u00edzletes \u00e9telek garant\u00e1l\u00e1sa is. Napi h\u00e1romszori \u00e9tkez\u00e9ssel tudunk szolg\u00e1lni, amelyek h\u00e1zias jelleg\u0171 \u00e9s kiad\u00f3s fog\u00e1sokb\u00f3l tev\u0151dnek \u00f6ssze. A megrendel\u00e9s v\u00e9gleges\u00edt\u00e9s\u00e9hez a kit\u00f6lt\u00f6tt megrendel\u0151lap e-mailben t\u00f6rt\u00e9n\u0151 visszak\u00fcld\u00e9se sz\u00fcks\u00e9ges. (info@zoldfas.hu) Fontos sz\u00e1munkra, hogy minden Vend\u00e9g\u00fcnk el\u00e9gedetten t\u00e1vozzon sz\u00e1ll\u00e1shely\u00fcnkr\u0151l. A v\u00e1ltozatos partneri kapcsolatainknak k\u00f6sz\u00f6nhet\u0151en minden&hellip; Read more","og_url":"https:\/\/zoldfas.hu\/?page_id=77","og_site_name":"Z\u00f6ldf\u00e1s Lelkigyakorlatos H\u00e1z \u00e9s Ifj\u00fas\u00e1gi T\u00e1borhelysz\u00edn","article_publisher":"https:\/\/www.facebook.com\/zoldfas","article_modified_time":"2025-10-01T07:16:51+00:00","og_image":[{"width":2048,"height":2048,"url":"https:\/\/zoldfas.hu\/wp-content\/uploads\/2025\/10\/9BFA621A-C8D3-469F-994F-29AE1D2579E4.jpg","type":"image\/jpeg"}],"twitter_card":"summary_large_image","twitter_misc":{"Becs\u00fclt olvas\u00e1si id\u0151":"1 perc"},"schema":{"@context":"https:\/\/schema.org","@graph":[{"@type":"WebPage","@id":"https:\/\/zoldfas.hu\/?page_id=77","url":"https:\/\/zoldfas.hu\/?page_id=77","name":"\u00c9tkez\u00e9s - Z\u00f6ldf\u00e1s Lelkigyakorlatos H\u00e1z \u00e9s Ifj\u00fas\u00e1gi T\u00e1borhelysz\u00edn","isPartOf":{"@id":"https:\/\/zoldfas.hu\/#website"},"primaryImageOfPage":{"@id":"https:\/\/zoldfas.hu\/?page_id=77#primaryimage"},"image":{"@id":"https:\/\/zoldfas.hu\/?page_id=77#primaryimage"},"thumbnailUrl":"https:\/\/zoldfas.hu\/wp-content\/uploads\/2025\/10\/9BFA621A-C8D3-469F-994F-29AE1D2579E4-1024x1024.jpg","datePublished":"2024-03-17T21:56:48+00:00","dateModified":"2025-10-01T07:16:51+00:00","breadcrumb":{"@id":"https:\/\/zoldfas.hu\/?page_id=77#breadcrumb"},"inLanguage":"hu","potentialAction":[{"@type":"ReadAction","target":["https:\/\/zoldfas.hu\/?page_id=77"]}]},{"@type":"ImageObject","inLanguage":"hu","@id":"https:\/\/zoldfas.hu\/?page_id=77#primaryimage","url":"https:\/\/zoldfas.hu\/wp-content\/uploads\/2025\/10\/9BFA621A-C8D3-469F-994F-29AE1D2579E4.jpg","contentUrl":"https:\/\/zoldfas.hu\/wp-content\/uploads\/2025\/10\/9BFA621A-C8D3-469F-994F-29AE1D2579E4.jpg","width":2048,"height":2048},{"@type":"BreadcrumbList","@id":"https:\/\/zoldfas.hu\/?page_id=77#breadcrumb","itemListElement":[{"@type":"ListItem","position":1,"name":"Kezd\u0151lap","item":"https:\/\/zoldfas.hu\/"},{"@type":"ListItem","position":2,"name":"\u00c9tkez\u00e9s"}]},{"@type":"WebSite","@id":"https:\/\/zoldfas.hu\/#website","url":"https:\/\/zoldfas.hu\/","name":"Z\u00f6ldf\u00e1s","description":"Z\u00f6ldf\u00e1s Lelkigyakorlatos H\u00e1z \u00e9s Ifj\u00fas\u00e1gi T\u00e1borhelysz\u00edn","publisher":{"@id":"https:\/\/zoldfas.hu\/#organization"},"potentialAction":[{"@type":"SearchAction","target":{"@type":"EntryPoint","urlTemplate":"https:\/\/zoldfas.hu\/?s={search_term_string}"},"query-input":{"@type":"PropertyValueSpecification","valueRequired":true,"valueName":"search_term_string"}}],"inLanguage":"hu"},{"@type":"Organization","@id":"https:\/\/zoldfas.hu\/#organization","name":"SZEKI","url":"https:\/\/zoldfas.hu\/","logo":{"@type":"ImageObject","inLanguage":"hu","@id":"https:\/\/zoldfas.hu\/#\/schema\/logo\/image\/","url":"https:\/\/zoldfas.hu\/wp-content\/uploads\/2024\/03\/kateklogo-2023_logo-1.png","contentUrl":"https:\/\/zoldfas.hu\/wp-content\/uploads\/2024\/03\/kateklogo-2023_logo-1.png","width":591,"height":591,"caption":"SZEKI"},"image":{"@id":"https:\/\/zoldfas.hu\/#\/schema\/logo\/image\/"},"sameAs":["https:\/\/www.facebook.com\/zoldfas"]}]}},"_links":{"self":[{"href":"https:\/\/zoldfas.hu\/index.php?rest_route=\/wp\/v2\/pages\/77","targetHints":{"allow":["GET"]}}],"collection":[{"href":"https:\/\/zoldfas.hu\/index.php?rest_route=\/wp\/v2\/pages"}],"about":[{"href":"https:\/\/zoldfas.hu\/index.php?rest_route=\/wp\/v2\/types\/page"}],"author":[{"embeddable":true,"href":"https:\/\/zoldfas.hu\/index.php?rest_route=\/wp\/v2\/users\/1"}],"replies":[{"embeddable":true,"href":"https:\/\/zoldfas.hu\/index.php?rest_route=%2Fwp%2Fv2%2Fcomments&post=77"}],"version-history":[{"count":28,"href":"https:\/\/zoldfas.hu\/index.php?rest_route=\/wp\/v2\/pages\/77\/revisions"}],"predecessor-version":[{"id":1535,"href":"https:\/\/zoldfas.hu\/index.php?rest_route=\/wp\/v2\/pages\/77\/revisions\/1535"}],"wp:attachment":[{"href":"https:\/\/zoldfas.hu\/index.php?rest_route=%2Fwp%2Fv2%2Fmedia&parent=77"}],"curies":[{"name":"wp","href":"https:\/\/api.w.org\/{rel}","templated":true}]}}