{"id":81,"date":"2024-03-17T21:58:20","date_gmt":"2024-03-17T21:58:20","guid":{"rendered":"https:\/\/zoldfas.hu\/?page_id=81"},"modified":"2026-04-23T08:19:41","modified_gmt":"2026-04-23T08:19:41","slug":"technika-es-eszkozberles","status":"publish","type":"page","link":"https:\/\/zoldfas.hu\/?page_id=81","title":{"rendered":"Technika \u00e9s eszk\u00f6zb\u00e9rl\u00e9s"},"content":{"rendered":"\n<p><strong>Tecknika \u00e9s eszk\u00f6zb\u00e9rl\u00e9s<\/strong><\/p>\n\n\n\n<p>A sikeres rendezv\u00e9ny megszervez\u00e9s\u00e9hez \u00e9s megval\u00f3s\u00edt\u00e1s\u00e1hoz elengedhetetlen a megfelel\u0151 technika. <\/p>\n\n\n\n<p>A megrendel\u00e9s v\u00e9gleges\u00edt\u00e9s\u00e9hez a kit\u00f6lt\u00f6tt megrendel\u0151lap e-mailben t\u00f6rt\u00e9n\u0151 visszak\u00fcld\u00e9se sz\u00fcks\u00e9ges. (info@zoldfas.hu)<\/p>\n\n\n\n<hr class=\"wp-block-separator has-alpha-channel-opacity\"\/>\n\n\n\n<div class=\"wp-block-buttons is-content-justification-center is-layout-flex wp-container-core-buttons-is-layout-16018d1d wp-block-buttons-is-layout-flex\">\n<div class=\"wp-block-button\"><a class=\"wp-block-button__link wp-element-button\" href=\"https:\/\/zoldfas.hu\/wp-content\/uploads\/2026\/04\/Rendezvenyterem-megrendelolap-Zoldfas.pdf\" target=\"_blank\" rel=\"noreferrer noopener\">Terem \u00e9s technika megrendel\u00e9se<\/a><\/div>\n<\/div>\n\n\n\n<p><\/p>\n\n\n\n<hr class=\"wp-block-separator has-alpha-channel-opacity\"\/>\n\n\n\n<p><\/p>\n\n\n\n<div class=\"wp-block-media-text is-stacked-on-mobile\"><figure class=\"wp-block-media-text__media\"><img fetchpriority=\"high\" decoding=\"async\" width=\"1024\" height=\"1024\" src=\"https:\/\/zoldfas.hu\/wp-content\/uploads\/2024\/04\/750B8B63-F4E4-44EA-9D69-84A4E771D44E-1024x1024.jpg\" alt=\"\" class=\"wp-image-595 size-full\" srcset=\"https:\/\/zoldfas.hu\/wp-content\/uploads\/2024\/04\/750B8B63-F4E4-44EA-9D69-84A4E771D44E-1024x1024.jpg 1024w, https:\/\/zoldfas.hu\/wp-content\/uploads\/2024\/04\/750B8B63-F4E4-44EA-9D69-84A4E771D44E-300x300.jpg 300w, https:\/\/zoldfas.hu\/wp-content\/uploads\/2024\/04\/750B8B63-F4E4-44EA-9D69-84A4E771D44E-150x150.jpg 150w, https:\/\/zoldfas.hu\/wp-content\/uploads\/2024\/04\/750B8B63-F4E4-44EA-9D69-84A4E771D44E-768x768.jpg 768w, https:\/\/zoldfas.hu\/wp-content\/uploads\/2024\/04\/750B8B63-F4E4-44EA-9D69-84A4E771D44E-1536x1536.jpg 1536w, https:\/\/zoldfas.hu\/wp-content\/uploads\/2024\/04\/750B8B63-F4E4-44EA-9D69-84A4E771D44E-1080x1080.jpg 1080w, https:\/\/zoldfas.hu\/wp-content\/uploads\/2024\/04\/750B8B63-F4E4-44EA-9D69-84A4E771D44E.jpg 2048w\" sizes=\"(max-width: 1024px) 100vw, 1024px\" \/><\/figure><div class=\"wp-block-media-text__content\">\n<p class=\"has-text-align-left\">A k\u00f6vetkez\u0151 eszk\u00f6z\u00f6kkel tudunk szolg\u00e1lni:<\/p>\n\n\n\n<ul class=\"wp-block-list\">\n<li>interakt\u00edv t\u00e1bla (65\u2033)<\/li>\n\n\n\n<li>projektor + vet\u00edt\u0151v\u00e1szon<\/li>\n\n\n\n<li>laptop<\/li>\n\n\n\n<li>flipchart (pap\u00edr + filc)<\/li>\n\n\n\n<li>automata k\u00e1v\u00e9f\u0151z\u0151 bek\u00e9sz\u00edt\u00e9s<\/li>\n<\/ul>\n\n\n\n<p><\/p>\n<\/div><\/div>\n\n\n\n<p><\/p>\n","protected":false},"excerpt":{"rendered":"<p>Tecknika \u00e9s eszk\u00f6zb\u00e9rl\u00e9s A sikeres rendezv\u00e9ny megszervez\u00e9s\u00e9hez \u00e9s megval\u00f3s\u00edt\u00e1s\u00e1hoz elengedhetetlen a megfelel\u0151 technika. A megrendel\u00e9s v\u00e9gleges\u00edt\u00e9s\u00e9hez a kit\u00f6lt\u00f6tt megrendel\u0151lap e-mailben t\u00f6rt\u00e9n\u0151 visszak\u00fcld\u00e9se sz\u00fcks\u00e9ges. (info@zoldfas.hu)<\/p>\n","protected":false},"author":1,"featured_media":0,"parent":0,"menu_order":0,"comment_status":"closed","ping_status":"closed","template":"","meta":{"ngg_post_thumbnail":0,"footnotes":""},"class_list":["post-81","page","type-page","status-publish","hentry"],"yoast_head":"<!-- This site is optimized with the Yoast SEO plugin v27.5 - https:\/\/yoast.com\/product\/yoast-seo-wordpress\/ -->\n<title>Technika \u00e9s eszk\u00f6zb\u00e9rl\u00e9s - Z\u00f6ldf\u00e1s Lelkigyakorlatos H\u00e1z \u00e9s Ifj\u00fas\u00e1gi T\u00e1borhelysz\u00edn<\/title>\n<meta name=\"robots\" content=\"index, follow, max-snippet:-1, max-image-preview:large, max-video-preview:-1\" \/>\n<link rel=\"canonical\" href=\"https:\/\/zoldfas.hu\/?page_id=81\" \/>\n<meta property=\"og:locale\" content=\"hu_HU\" \/>\n<meta property=\"og:type\" content=\"article\" \/>\n<meta property=\"og:title\" content=\"Technika \u00e9s eszk\u00f6zb\u00e9rl\u00e9s - Z\u00f6ldf\u00e1s Lelkigyakorlatos H\u00e1z \u00e9s Ifj\u00fas\u00e1gi T\u00e1borhelysz\u00edn\" \/>\n<meta property=\"og:description\" content=\"Tecknika \u00e9s eszk\u00f6zb\u00e9rl\u00e9s A sikeres rendezv\u00e9ny megszervez\u00e9s\u00e9hez \u00e9s megval\u00f3s\u00edt\u00e1s\u00e1hoz elengedhetetlen a megfelel\u0151 technika. A megrendel\u00e9s v\u00e9gleges\u00edt\u00e9s\u00e9hez a kit\u00f6lt\u00f6tt megrendel\u0151lap e-mailben t\u00f6rt\u00e9n\u0151 visszak\u00fcld\u00e9se sz\u00fcks\u00e9ges. (info@zoldfas.hu)\" \/>\n<meta property=\"og:url\" content=\"https:\/\/zoldfas.hu\/?page_id=81\" \/>\n<meta property=\"og:site_name\" content=\"Z\u00f6ldf\u00e1s Lelkigyakorlatos H\u00e1z \u00e9s Ifj\u00fas\u00e1gi T\u00e1borhelysz\u00edn\" \/>\n<meta property=\"article:publisher\" content=\"https:\/\/www.facebook.com\/zoldfas\" \/>\n<meta property=\"article:modified_time\" content=\"2026-04-23T08:19:41+00:00\" \/>\n<meta property=\"og:image\" content=\"https:\/\/zoldfas.hu\/wp-content\/uploads\/2024\/04\/750B8B63-F4E4-44EA-9D69-84A4E771D44E.jpg\" \/>\n\t<meta property=\"og:image:width\" content=\"2048\" \/>\n\t<meta property=\"og:image:height\" content=\"2048\" \/>\n\t<meta property=\"og:image:type\" content=\"image\/jpeg\" \/>\n<meta name=\"twitter:card\" content=\"summary_large_image\" \/>\n<meta name=\"twitter:label1\" content=\"Becs\u00fclt olvas\u00e1si id\u0151\" \/>\n\t<meta name=\"twitter:data1\" content=\"1 perc\" \/>\n<script type=\"application\/ld+json\" class=\"yoast-schema-graph\">{\"@context\":\"https:\\\/\\\/schema.org\",\"@graph\":[{\"@type\":\"WebPage\",\"@id\":\"https:\\\/\\\/zoldfas.hu\\\/?page_id=81\",\"url\":\"https:\\\/\\\/zoldfas.hu\\\/?page_id=81\",\"name\":\"Technika \u00e9s eszk\u00f6zb\u00e9rl\u00e9s - Z\u00f6ldf\u00e1s Lelkigyakorlatos H\u00e1z \u00e9s Ifj\u00fas\u00e1gi T\u00e1borhelysz\u00edn\",\"isPartOf\":{\"@id\":\"https:\\\/\\\/zoldfas.hu\\\/#website\"},\"primaryImageOfPage\":{\"@id\":\"https:\\\/\\\/zoldfas.hu\\\/?page_id=81#primaryimage\"},\"image\":{\"@id\":\"https:\\\/\\\/zoldfas.hu\\\/?page_id=81#primaryimage\"},\"thumbnailUrl\":\"https:\\\/\\\/zoldfas.hu\\\/wp-content\\\/uploads\\\/2024\\\/04\\\/750B8B63-F4E4-44EA-9D69-84A4E771D44E-1024x1024.jpg\",\"datePublished\":\"2024-03-17T21:58:20+00:00\",\"dateModified\":\"2026-04-23T08:19:41+00:00\",\"breadcrumb\":{\"@id\":\"https:\\\/\\\/zoldfas.hu\\\/?page_id=81#breadcrumb\"},\"inLanguage\":\"hu\",\"potentialAction\":[{\"@type\":\"ReadAction\",\"target\":[\"https:\\\/\\\/zoldfas.hu\\\/?page_id=81\"]}]},{\"@type\":\"ImageObject\",\"inLanguage\":\"hu\",\"@id\":\"https:\\\/\\\/zoldfas.hu\\\/?page_id=81#primaryimage\",\"url\":\"https:\\\/\\\/zoldfas.hu\\\/wp-content\\\/uploads\\\/2024\\\/04\\\/750B8B63-F4E4-44EA-9D69-84A4E771D44E.jpg\",\"contentUrl\":\"https:\\\/\\\/zoldfas.hu\\\/wp-content\\\/uploads\\\/2024\\\/04\\\/750B8B63-F4E4-44EA-9D69-84A4E771D44E.jpg\",\"width\":2048,\"height\":2048},{\"@type\":\"BreadcrumbList\",\"@id\":\"https:\\\/\\\/zoldfas.hu\\\/?page_id=81#breadcrumb\",\"itemListElement\":[{\"@type\":\"ListItem\",\"position\":1,\"name\":\"Kezd\u0151lap\",\"item\":\"https:\\\/\\\/zoldfas.hu\\\/\"},{\"@type\":\"ListItem\",\"position\":2,\"name\":\"Technika \u00e9s eszk\u00f6zb\u00e9rl\u00e9s\"}]},{\"@type\":\"WebSite\",\"@id\":\"https:\\\/\\\/zoldfas.hu\\\/#website\",\"url\":\"https:\\\/\\\/zoldfas.hu\\\/\",\"name\":\"Z\u00f6ldf\u00e1s\",\"description\":\"Z\u00f6ldf\u00e1s Lelkigyakorlatos H\u00e1z \u00e9s Ifj\u00fas\u00e1gi T\u00e1borhelysz\u00edn\",\"publisher\":{\"@id\":\"https:\\\/\\\/zoldfas.hu\\\/#organization\"},\"potentialAction\":[{\"@type\":\"SearchAction\",\"target\":{\"@type\":\"EntryPoint\",\"urlTemplate\":\"https:\\\/\\\/zoldfas.hu\\\/?s={search_term_string}\"},\"query-input\":{\"@type\":\"PropertyValueSpecification\",\"valueRequired\":true,\"valueName\":\"search_term_string\"}}],\"inLanguage\":\"hu\"},{\"@type\":\"Organization\",\"@id\":\"https:\\\/\\\/zoldfas.hu\\\/#organization\",\"name\":\"SZEKI\",\"url\":\"https:\\\/\\\/zoldfas.hu\\\/\",\"logo\":{\"@type\":\"ImageObject\",\"inLanguage\":\"hu\",\"@id\":\"https:\\\/\\\/zoldfas.hu\\\/#\\\/schema\\\/logo\\\/image\\\/\",\"url\":\"https:\\\/\\\/zoldfas.hu\\\/wp-content\\\/uploads\\\/2024\\\/03\\\/kateklogo-2023_logo-1.png\",\"contentUrl\":\"https:\\\/\\\/zoldfas.hu\\\/wp-content\\\/uploads\\\/2024\\\/03\\\/kateklogo-2023_logo-1.png\",\"width\":591,\"height\":591,\"caption\":\"SZEKI\"},\"image\":{\"@id\":\"https:\\\/\\\/zoldfas.hu\\\/#\\\/schema\\\/logo\\\/image\\\/\"},\"sameAs\":[\"https:\\\/\\\/www.facebook.com\\\/zoldfas\"]}]}<\/script>\n<!-- \/ Yoast SEO plugin. -->","yoast_head_json":{"title":"Technika \u00e9s eszk\u00f6zb\u00e9rl\u00e9s - Z\u00f6ldf\u00e1s Lelkigyakorlatos H\u00e1z \u00e9s Ifj\u00fas\u00e1gi T\u00e1borhelysz\u00edn","robots":{"index":"index","follow":"follow","max-snippet":"max-snippet:-1","max-image-preview":"max-image-preview:large","max-video-preview":"max-video-preview:-1"},"canonical":"https:\/\/zoldfas.hu\/?page_id=81","og_locale":"hu_HU","og_type":"article","og_title":"Technika \u00e9s eszk\u00f6zb\u00e9rl\u00e9s - Z\u00f6ldf\u00e1s Lelkigyakorlatos H\u00e1z \u00e9s Ifj\u00fas\u00e1gi T\u00e1borhelysz\u00edn","og_description":"Tecknika \u00e9s eszk\u00f6zb\u00e9rl\u00e9s A sikeres rendezv\u00e9ny megszervez\u00e9s\u00e9hez \u00e9s megval\u00f3s\u00edt\u00e1s\u00e1hoz elengedhetetlen a megfelel\u0151 technika. A megrendel\u00e9s v\u00e9gleges\u00edt\u00e9s\u00e9hez a kit\u00f6lt\u00f6tt megrendel\u0151lap e-mailben t\u00f6rt\u00e9n\u0151 visszak\u00fcld\u00e9se sz\u00fcks\u00e9ges. (info@zoldfas.hu)","og_url":"https:\/\/zoldfas.hu\/?page_id=81","og_site_name":"Z\u00f6ldf\u00e1s Lelkigyakorlatos H\u00e1z \u00e9s Ifj\u00fas\u00e1gi T\u00e1borhelysz\u00edn","article_publisher":"https:\/\/www.facebook.com\/zoldfas","article_modified_time":"2026-04-23T08:19:41+00:00","og_image":[{"width":2048,"height":2048,"url":"https:\/\/zoldfas.hu\/wp-content\/uploads\/2024\/04\/750B8B63-F4E4-44EA-9D69-84A4E771D44E.jpg","type":"image\/jpeg"}],"twitter_card":"summary_large_image","twitter_misc":{"Becs\u00fclt olvas\u00e1si id\u0151":"1 perc"},"schema":{"@context":"https:\/\/schema.org","@graph":[{"@type":"WebPage","@id":"https:\/\/zoldfas.hu\/?page_id=81","url":"https:\/\/zoldfas.hu\/?page_id=81","name":"Technika \u00e9s eszk\u00f6zb\u00e9rl\u00e9s - Z\u00f6ldf\u00e1s Lelkigyakorlatos H\u00e1z \u00e9s Ifj\u00fas\u00e1gi T\u00e1borhelysz\u00edn","isPartOf":{"@id":"https:\/\/zoldfas.hu\/#website"},"primaryImageOfPage":{"@id":"https:\/\/zoldfas.hu\/?page_id=81#primaryimage"},"image":{"@id":"https:\/\/zoldfas.hu\/?page_id=81#primaryimage"},"thumbnailUrl":"https:\/\/zoldfas.hu\/wp-content\/uploads\/2024\/04\/750B8B63-F4E4-44EA-9D69-84A4E771D44E-1024x1024.jpg","datePublished":"2024-03-17T21:58:20+00:00","dateModified":"2026-04-23T08:19:41+00:00","breadcrumb":{"@id":"https:\/\/zoldfas.hu\/?page_id=81#breadcrumb"},"inLanguage":"hu","potentialAction":[{"@type":"ReadAction","target":["https:\/\/zoldfas.hu\/?page_id=81"]}]},{"@type":"ImageObject","inLanguage":"hu","@id":"https:\/\/zoldfas.hu\/?page_id=81#primaryimage","url":"https:\/\/zoldfas.hu\/wp-content\/uploads\/2024\/04\/750B8B63-F4E4-44EA-9D69-84A4E771D44E.jpg","contentUrl":"https:\/\/zoldfas.hu\/wp-content\/uploads\/2024\/04\/750B8B63-F4E4-44EA-9D69-84A4E771D44E.jpg","width":2048,"height":2048},{"@type":"BreadcrumbList","@id":"https:\/\/zoldfas.hu\/?page_id=81#breadcrumb","itemListElement":[{"@type":"ListItem","position":1,"name":"Kezd\u0151lap","item":"https:\/\/zoldfas.hu\/"},{"@type":"ListItem","position":2,"name":"Technika \u00e9s eszk\u00f6zb\u00e9rl\u00e9s"}]},{"@type":"WebSite","@id":"https:\/\/zoldfas.hu\/#website","url":"https:\/\/zoldfas.hu\/","name":"Z\u00f6ldf\u00e1s","description":"Z\u00f6ldf\u00e1s Lelkigyakorlatos H\u00e1z \u00e9s Ifj\u00fas\u00e1gi T\u00e1borhelysz\u00edn","publisher":{"@id":"https:\/\/zoldfas.hu\/#organization"},"potentialAction":[{"@type":"SearchAction","target":{"@type":"EntryPoint","urlTemplate":"https:\/\/zoldfas.hu\/?s={search_term_string}"},"query-input":{"@type":"PropertyValueSpecification","valueRequired":true,"valueName":"search_term_string"}}],"inLanguage":"hu"},{"@type":"Organization","@id":"https:\/\/zoldfas.hu\/#organization","name":"SZEKI","url":"https:\/\/zoldfas.hu\/","logo":{"@type":"ImageObject","inLanguage":"hu","@id":"https:\/\/zoldfas.hu\/#\/schema\/logo\/image\/","url":"https:\/\/zoldfas.hu\/wp-content\/uploads\/2024\/03\/kateklogo-2023_logo-1.png","contentUrl":"https:\/\/zoldfas.hu\/wp-content\/uploads\/2024\/03\/kateklogo-2023_logo-1.png","width":591,"height":591,"caption":"SZEKI"},"image":{"@id":"https:\/\/zoldfas.hu\/#\/schema\/logo\/image\/"},"sameAs":["https:\/\/www.facebook.com\/zoldfas"]}]}},"_links":{"self":[{"href":"https:\/\/zoldfas.hu\/index.php?rest_route=\/wp\/v2\/pages\/81","targetHints":{"allow":["GET"]}}],"collection":[{"href":"https:\/\/zoldfas.hu\/index.php?rest_route=\/wp\/v2\/pages"}],"about":[{"href":"https:\/\/zoldfas.hu\/index.php?rest_route=\/wp\/v2\/types\/page"}],"author":[{"embeddable":true,"href":"https:\/\/zoldfas.hu\/index.php?rest_route=\/wp\/v2\/users\/1"}],"replies":[{"embeddable":true,"href":"https:\/\/zoldfas.hu\/index.php?rest_route=%2Fwp%2Fv2%2Fcomments&post=81"}],"version-history":[{"count":26,"href":"https:\/\/zoldfas.hu\/index.php?rest_route=\/wp\/v2\/pages\/81\/revisions"}],"predecessor-version":[{"id":1654,"href":"https:\/\/zoldfas.hu\/index.php?rest_route=\/wp\/v2\/pages\/81\/revisions\/1654"}],"wp:attachment":[{"href":"https:\/\/zoldfas.hu\/index.php?rest_route=%2Fwp%2Fv2%2Fmedia&parent=81"}],"curies":[{"name":"wp","href":"https:\/\/api.w.org\/{rel}","templated":true}]}}