{"id":816,"date":"2024-07-01T08:57:25","date_gmt":"2024-07-01T08:57:25","guid":{"rendered":"https:\/\/zoldfas.hu\/?page_id=816"},"modified":"2026-04-23T08:50:41","modified_gmt":"2026-04-23T08:50:41","slug":"letoltheto-anyagok","status":"publish","type":"page","link":"https:\/\/zoldfas.hu\/?page_id=816","title":{"rendered":"Let\u00f6lthet\u0151 anyagok"},"content":{"rendered":"\n<div class=\"wp-block-media-text is-stacked-on-mobile\" style=\"grid-template-columns:30% auto\"><figure class=\"wp-block-media-text__media\"><img fetchpriority=\"high\" decoding=\"async\" width=\"545\" height=\"811\" src=\"https:\/\/zoldfas.hu\/wp-content\/uploads\/2024\/07\/Naplemente.png\" alt=\"\" class=\"wp-image-824 size-full\" srcset=\"https:\/\/zoldfas.hu\/wp-content\/uploads\/2024\/07\/Naplemente.png 545w, https:\/\/zoldfas.hu\/wp-content\/uploads\/2024\/07\/Naplemente-202x300.png 202w\" sizes=\"(max-width: 545px) 100vw, 545px\" \/><\/figure><div class=\"wp-block-media-text__content\">\n<p class=\"has-text-align-center\">Az al\u00e1bbi lehet\u0151s\u00e9gekre kattintva let\u00f6lthet\u0151 minden olyan dokumentumunk, sz\u00f3r\u00f3anyagunk, amelyek seg\u00edts\u00e9gre lehetnek a helysz\u00edn kiv\u00e1laszt\u00e1s\u00e1ban vagy a foglal\u00e1si folyamat felgyors\u00edt\u00e1s\u00e1ban.<\/p>\n<\/div><\/div>\n\n\n\n<p><\/p>\n\n\n\n<p><\/p>\n\n\n\n<hr class=\"wp-block-separator has-alpha-channel-opacity\"\/>\n\n\n\n<p class=\"has-text-align-center\">Fontos sz\u00e1munkra, hogy mindenki maxim\u00e1lisan el\u00e9gedett legyen az \u00e1ltalunk ny\u00fajtott szolg\u00e1ltat\u00e1sokkal. Ez\u00e9rt is elengedhetetlen, hogy Vend\u00e9geink tudom\u00e1sul vegy\u00e9k \u00e9s betarts\u00e1k int\u00e9zm\u00e9ny\u00fcnk h\u00e1zirendj\u00e9t.<\/p>\n\n\n\n<div class=\"wp-block-buttons is-content-justification-center is-layout-flex wp-container-core-buttons-is-layout-16018d1d wp-block-buttons-is-layout-flex\">\n<div class=\"wp-block-button\"><a class=\"wp-block-button__link wp-element-button\" href=\"https:\/\/zoldfas.hu\/wp-content\/uploads\/2024\/06\/Zoldfas-HAZIREND.pdf\" target=\"_blank\" rel=\"noreferrer noopener\">H\u00e1zirend<\/a><\/div>\n<\/div>\n\n\n\n<p><\/p>\n\n\n\n<hr class=\"wp-block-separator has-alpha-channel-opacity\"\/>\n\n\n\n<p class=\"has-text-align-center\">Lelkigyakorlataink plak\u00e1tjai <\/p>\n\n\n\n<div class=\"wp-block-buttons is-content-justification-center is-layout-flex wp-container-core-buttons-is-layout-16018d1d wp-block-buttons-is-layout-flex\">\n<div class=\"wp-block-button\"><a class=\"wp-block-button__link has-text-align-center wp-element-button\" href=\"https:\/\/zoldfas.hu\/wp-content\/uploads\/2024\/08\/Oszi-lelkigyakorlat-Zoldfas.pdf\" target=\"_blank\" rel=\"noreferrer noopener\">2024 okt\u00f3ber CSENDES lelkigyakorlat<\/a><\/div>\n\n\n\n<div class=\"wp-block-button\"><a class=\"wp-block-button__link wp-element-button\" href=\"https:\/\/zoldfas.hu\/wp-content\/uploads\/2024\/08\/Novemberi-lelkigyakorlat-Zoldfas.png\" target=\"_blank\" rel=\"noreferrer noopener\">2024 november CSENDES lelkigyakorlat<\/a><\/div>\n\n\n\n<div class=\"wp-block-button\"><a class=\"wp-block-button__link wp-element-button\" href=\"https:\/\/zoldfas.hu\/wp-content\/uploads\/2024\/08\/KOVASZ-1-4.png\" target=\"_blank\" rel=\"noreferrer noopener\">2025 m\u00e1rcius KOV\u00c1SZ lelkigyakorlat<\/a><\/div>\n\n\n\n<div class=\"wp-block-button\"><a class=\"wp-block-button__link wp-element-button\" href=\"https:\/\/zoldfas.hu\/wp-content\/uploads\/2025\/01\/Nagybojti-Lgy.-03.28-03-scaled.jpg\" target=\"_blank\" rel=\"noreferrer noopener\">2025 m\u00e1rcius NAGYB\u00d6JTI lelkigyakorlat<\/a><\/div>\n\n\n\n<div class=\"wp-block-button\"><a class=\"wp-block-button__link wp-element-button\" href=\"https:\/\/zoldfas.hu\/wp-content\/uploads\/2025\/09\/2025.-okt.-10-12-scaled.jpg\" target=\"_blank\" rel=\"noreferrer noopener\">2025 \u201e\u00c9leszd fel rem\u00e9nyed\u2026\u201d (B\u00e1r 4,5) lelkigyakorlat<\/a><\/div>\n\n\n\n<div class=\"wp-block-button\"><a class=\"wp-block-button__link wp-element-button\" href=\"https:\/\/zoldfas.hu\/wp-content\/uploads\/2024\/08\/Adventi-Lelkigyakorlat-2025.-dec.-5-7-scaled.jpg\" target=\"_blank\" rel=\"noreferrer noopener\">2025 Adventi csendes lelkigyakorlat<\/a><\/div>\n<\/div>\n\n\n\n<p><\/p>\n\n\n\n<hr class=\"wp-block-separator has-alpha-channel-opacity\"\/>\n\n\n\n<p class=\"has-text-align-center\">Szolg\u00e1ltat\u00e1sinkhoz kapcsol\u00f3d\u00f3 megrendel\u0151k<\/p>\n\n\n\n<div class=\"wp-block-buttons is-content-justification-center is-layout-flex wp-container-core-buttons-is-layout-16018d1d wp-block-buttons-is-layout-flex\">\n<div class=\"wp-block-button\"><a class=\"wp-block-button__link wp-element-button\" href=\"https:\/\/zoldfas.hu\/wp-content\/uploads\/2026\/04\/Szallas-megrendelolap-Zoldfas.pdf\" target=\"_blank\" rel=\"noreferrer noopener\">Sz\u00e1ll\u00e1shely megrendel\u0151<\/a><\/div>\n\n\n\n<div class=\"wp-block-button\"><a class=\"wp-block-button__link wp-element-button\" href=\"https:\/\/zoldfas.hu\/wp-content\/uploads\/2025\/09\/Etkezes-megrendelolap-Zoldfas.pdf\" target=\"_blank\" rel=\"noreferrer noopener\">\u00c9tkez\u00e9s megrendel\u0151<\/a><\/div>\n\n\n\n<div class=\"wp-block-button\"><a class=\"wp-block-button__link wp-element-button\" href=\"https:\/\/zoldfas.hu\/wp-content\/uploads\/2026\/04\/Rendezvenyterem-megrendelolap-Zoldfas.pdf\" target=\"_blank\" rel=\"noreferrer noopener\">Rendezv\u00e9nyterem \u00e9s eszk\u00f6zb\u00e9rl\u00e9s<\/a><\/div>\n<\/div>\n\n\n\n<p><\/p>\n\n\n\n<hr class=\"wp-block-separator has-alpha-channel-opacity\"\/>\n\n\n\n<p class=\"has-text-align-center\">A bejelentkez\u00e9s felgyors\u00edt\u00e1sa \u00e9rdek\u00e9ben \u00e9rdemes m\u00e1r \u00e9rkez\u00e9skor a kit\u00f6lt\u00f6tt vend\u00e9gregisztr\u00e1ci\u00f3s nyomtatv\u00e1nyt elhozni.<\/p>\n\n\n\n<div class=\"wp-block-buttons is-content-justification-center is-layout-flex wp-container-core-buttons-is-layout-16018d1d wp-block-buttons-is-layout-flex\">\n<div class=\"wp-block-button\"><a class=\"wp-block-button__link wp-element-button\" href=\"https:\/\/zoldfas.hu\/wp-content\/uploads\/2024\/07\/Vendegregisztracio-Zoldfas.pdf\" target=\"_blank\" rel=\"noreferrer noopener\">Vend\u00e9gregisztr\u00e1ci\u00f3s nyomtatv\u00e1ny<\/a><\/div>\n<\/div>\n\n\n\n<p><\/p>\n\n\n\n<hr class=\"wp-block-separator has-alpha-channel-opacity\"\/>\n\n\n\n<p class=\"has-text-align-center\">Prom\u00f3ci\u00f3s ismertet\u0151k.<\/p>\n\n\n\n<div class=\"wp-block-buttons is-content-justification-center is-layout-flex wp-container-core-buttons-is-layout-16018d1d wp-block-buttons-is-layout-flex\">\n<div class=\"wp-block-button\"><a class=\"wp-block-button__link wp-element-button\" href=\"https:\/\/zoldfas.hu\/wp-content\/uploads\/2026\/04\/Leporello-2026.pdf\" target=\"_blank\" rel=\"noreferrer noopener\">Leporello<\/a><\/div>\n<\/div>\n\n\n\n<p><\/p>\n\n\n\n<hr class=\"wp-block-separator has-alpha-channel-opacity\"\/>\n\n\n\n<div class=\"wp-block-buttons is-content-justification-center is-layout-flex wp-container-core-buttons-is-layout-16018d1d wp-block-buttons-is-layout-flex\">\n<div class=\"wp-block-button has-custom-width wp-block-button__width-25\"><a class=\"wp-block-button__link wp-element-button\" href=\"https:\/\/zoldfas.hu\/wp-content\/uploads\/2024\/04\/2024.04.01-SZEKI-Alt-Tajekoztato-kiegeszitese-Zoldfas-javitott.pdf\" target=\"_blank\" rel=\"noreferrer noopener\">Adatv\u00e9delmi szab\u00e1lyzat<\/a><\/div>\n\n\n\n<div class=\"wp-block-button has-custom-width wp-block-button__width-25\"><a class=\"wp-block-button__link wp-element-button\" href=\"https:\/\/zoldfas.hu\/wp-content\/uploads\/2024\/04\/2024-04.01.-.-SZEKI-gyermekvedelmi-szabalyzat.pdf\" target=\"_blank\" rel=\"noreferrer noopener\">Gyermekv\u00e9delmi szab\u00e1lyzat<\/a><\/div>\n<\/div>\n\n\n\n<p><\/p>\n\n\n\n<div class=\"wp-block-buttons is-content-justification-center is-layout-flex wp-container-core-buttons-is-layout-16018d1d wp-block-buttons-is-layout-flex\">\n<div class=\"wp-block-button has-custom-width wp-block-button__width-25\"><a class=\"wp-block-button__link wp-element-button\" href=\"https:\/\/zoldfas.hu\/wp-content\/uploads\/2024\/04\/SZEKI-belso-bejelentesvedelmi-szabalyzat-20240115.pdf\" target=\"_blank\" rel=\"noreferrer noopener\">Bejelent\u00e9s v\u00e9delem<\/a><\/div>\n<\/div>\n","protected":false},"excerpt":{"rendered":"<p>Az al\u00e1bbi lehet\u0151s\u00e9gekre kattintva let\u00f6lthet\u0151 minden olyan dokumentumunk, sz\u00f3r\u00f3anyagunk, amelyek seg\u00edts\u00e9gre lehetnek a helysz\u00edn kiv\u00e1laszt\u00e1s\u00e1ban vagy a foglal\u00e1si folyamat felgyors\u00edt\u00e1s\u00e1ban. Fontos sz\u00e1munkra, hogy mindenki maxim\u00e1lisan el\u00e9gedett legyen az \u00e1ltalunk ny\u00fajtott szolg\u00e1ltat\u00e1sokkal. Ez\u00e9rt is elengedhetetlen, hogy Vend\u00e9geink tudom\u00e1sul vegy\u00e9k \u00e9s betarts\u00e1k int\u00e9zm\u00e9ny\u00fcnk h\u00e1zirendj\u00e9t. Lelkigyakorlataink plak\u00e1tjai Szolg\u00e1ltat\u00e1sinkhoz kapcsol\u00f3d\u00f3 megrendel\u0151k A bejelentkez\u00e9s felgyors\u00edt\u00e1sa \u00e9rdek\u00e9ben \u00e9rdemes m\u00e1r \u00e9rkez\u00e9skor a&hellip; <br \/> <a class=\"read-more\" href=\"https:\/\/zoldfas.hu\/?page_id=816\">Read more<\/a><\/p>\n","protected":false},"author":1,"featured_media":0,"parent":0,"menu_order":0,"comment_status":"closed","ping_status":"closed","template":"","meta":{"ngg_post_thumbnail":0,"footnotes":""},"class_list":["post-816","page","type-page","status-publish","hentry"],"yoast_head":"<!-- This site is optimized with the Yoast SEO plugin v27.5 - https:\/\/yoast.com\/product\/yoast-seo-wordpress\/ -->\n<title>Let\u00f6lthet\u0151 anyagok - Z\u00f6ldf\u00e1s Lelkigyakorlatos H\u00e1z \u00e9s Ifj\u00fas\u00e1gi T\u00e1borhelysz\u00edn<\/title>\n<meta name=\"robots\" content=\"index, follow, max-snippet:-1, max-image-preview:large, max-video-preview:-1\" \/>\n<link rel=\"canonical\" href=\"https:\/\/zoldfas.hu\/?page_id=816\" \/>\n<meta property=\"og:locale\" content=\"hu_HU\" \/>\n<meta property=\"og:type\" content=\"article\" \/>\n<meta property=\"og:title\" content=\"Let\u00f6lthet\u0151 anyagok - Z\u00f6ldf\u00e1s Lelkigyakorlatos H\u00e1z \u00e9s Ifj\u00fas\u00e1gi T\u00e1borhelysz\u00edn\" \/>\n<meta property=\"og:description\" content=\"Az al\u00e1bbi lehet\u0151s\u00e9gekre kattintva let\u00f6lthet\u0151 minden olyan dokumentumunk, sz\u00f3r\u00f3anyagunk, amelyek seg\u00edts\u00e9gre lehetnek a helysz\u00edn kiv\u00e1laszt\u00e1s\u00e1ban vagy a foglal\u00e1si folyamat felgyors\u00edt\u00e1s\u00e1ban. Fontos sz\u00e1munkra, hogy mindenki maxim\u00e1lisan el\u00e9gedett legyen az \u00e1ltalunk ny\u00fajtott szolg\u00e1ltat\u00e1sokkal. Ez\u00e9rt is elengedhetetlen, hogy Vend\u00e9geink tudom\u00e1sul vegy\u00e9k \u00e9s betarts\u00e1k int\u00e9zm\u00e9ny\u00fcnk h\u00e1zirendj\u00e9t. Lelkigyakorlataink plak\u00e1tjai Szolg\u00e1ltat\u00e1sinkhoz kapcsol\u00f3d\u00f3 megrendel\u0151k A bejelentkez\u00e9s felgyors\u00edt\u00e1sa \u00e9rdek\u00e9ben \u00e9rdemes m\u00e1r \u00e9rkez\u00e9skor a&hellip; Read more\" \/>\n<meta property=\"og:url\" content=\"https:\/\/zoldfas.hu\/?page_id=816\" \/>\n<meta property=\"og:site_name\" content=\"Z\u00f6ldf\u00e1s Lelkigyakorlatos H\u00e1z \u00e9s Ifj\u00fas\u00e1gi T\u00e1borhelysz\u00edn\" \/>\n<meta property=\"article:publisher\" content=\"https:\/\/www.facebook.com\/zoldfas\" \/>\n<meta property=\"article:modified_time\" content=\"2026-04-23T08:50:41+00:00\" \/>\n<meta property=\"og:image\" content=\"https:\/\/zoldfas.hu\/wp-content\/uploads\/2024\/07\/Naplemente.png\" \/>\n\t<meta property=\"og:image:width\" content=\"545\" \/>\n\t<meta property=\"og:image:height\" content=\"811\" \/>\n\t<meta property=\"og:image:type\" content=\"image\/png\" \/>\n<meta name=\"twitter:card\" content=\"summary_large_image\" \/>\n<meta name=\"twitter:label1\" content=\"Becs\u00fclt olvas\u00e1si id\u0151\" \/>\n\t<meta name=\"twitter:data1\" content=\"1 perc\" \/>\n<script type=\"application\/ld+json\" class=\"yoast-schema-graph\">{\"@context\":\"https:\\\/\\\/schema.org\",\"@graph\":[{\"@type\":\"WebPage\",\"@id\":\"https:\\\/\\\/zoldfas.hu\\\/?page_id=816\",\"url\":\"https:\\\/\\\/zoldfas.hu\\\/?page_id=816\",\"name\":\"Let\u00f6lthet\u0151 anyagok - Z\u00f6ldf\u00e1s Lelkigyakorlatos H\u00e1z \u00e9s Ifj\u00fas\u00e1gi T\u00e1borhelysz\u00edn\",\"isPartOf\":{\"@id\":\"https:\\\/\\\/zoldfas.hu\\\/#website\"},\"primaryImageOfPage\":{\"@id\":\"https:\\\/\\\/zoldfas.hu\\\/?page_id=816#primaryimage\"},\"image\":{\"@id\":\"https:\\\/\\\/zoldfas.hu\\\/?page_id=816#primaryimage\"},\"thumbnailUrl\":\"https:\\\/\\\/zoldfas.hu\\\/wp-content\\\/uploads\\\/2024\\\/07\\\/Naplemente.png\",\"datePublished\":\"2024-07-01T08:57:25+00:00\",\"dateModified\":\"2026-04-23T08:50:41+00:00\",\"breadcrumb\":{\"@id\":\"https:\\\/\\\/zoldfas.hu\\\/?page_id=816#breadcrumb\"},\"inLanguage\":\"hu\",\"potentialAction\":[{\"@type\":\"ReadAction\",\"target\":[\"https:\\\/\\\/zoldfas.hu\\\/?page_id=816\"]}]},{\"@type\":\"ImageObject\",\"inLanguage\":\"hu\",\"@id\":\"https:\\\/\\\/zoldfas.hu\\\/?page_id=816#primaryimage\",\"url\":\"https:\\\/\\\/zoldfas.hu\\\/wp-content\\\/uploads\\\/2024\\\/07\\\/Naplemente.png\",\"contentUrl\":\"https:\\\/\\\/zoldfas.hu\\\/wp-content\\\/uploads\\\/2024\\\/07\\\/Naplemente.png\",\"width\":545,\"height\":811},{\"@type\":\"BreadcrumbList\",\"@id\":\"https:\\\/\\\/zoldfas.hu\\\/?page_id=816#breadcrumb\",\"itemListElement\":[{\"@type\":\"ListItem\",\"position\":1,\"name\":\"Kezd\u0151lap\",\"item\":\"https:\\\/\\\/zoldfas.hu\\\/\"},{\"@type\":\"ListItem\",\"position\":2,\"name\":\"Let\u00f6lthet\u0151 anyagok\"}]},{\"@type\":\"WebSite\",\"@id\":\"https:\\\/\\\/zoldfas.hu\\\/#website\",\"url\":\"https:\\\/\\\/zoldfas.hu\\\/\",\"name\":\"Z\u00f6ldf\u00e1s\",\"description\":\"Z\u00f6ldf\u00e1s Lelkigyakorlatos H\u00e1z \u00e9s Ifj\u00fas\u00e1gi T\u00e1borhelysz\u00edn\",\"publisher\":{\"@id\":\"https:\\\/\\\/zoldfas.hu\\\/#organization\"},\"potentialAction\":[{\"@type\":\"SearchAction\",\"target\":{\"@type\":\"EntryPoint\",\"urlTemplate\":\"https:\\\/\\\/zoldfas.hu\\\/?s={search_term_string}\"},\"query-input\":{\"@type\":\"PropertyValueSpecification\",\"valueRequired\":true,\"valueName\":\"search_term_string\"}}],\"inLanguage\":\"hu\"},{\"@type\":\"Organization\",\"@id\":\"https:\\\/\\\/zoldfas.hu\\\/#organization\",\"name\":\"SZEKI\",\"url\":\"https:\\\/\\\/zoldfas.hu\\\/\",\"logo\":{\"@type\":\"ImageObject\",\"inLanguage\":\"hu\",\"@id\":\"https:\\\/\\\/zoldfas.hu\\\/#\\\/schema\\\/logo\\\/image\\\/\",\"url\":\"https:\\\/\\\/zoldfas.hu\\\/wp-content\\\/uploads\\\/2024\\\/03\\\/kateklogo-2023_logo-1.png\",\"contentUrl\":\"https:\\\/\\\/zoldfas.hu\\\/wp-content\\\/uploads\\\/2024\\\/03\\\/kateklogo-2023_logo-1.png\",\"width\":591,\"height\":591,\"caption\":\"SZEKI\"},\"image\":{\"@id\":\"https:\\\/\\\/zoldfas.hu\\\/#\\\/schema\\\/logo\\\/image\\\/\"},\"sameAs\":[\"https:\\\/\\\/www.facebook.com\\\/zoldfas\"]}]}<\/script>\n<!-- \/ Yoast SEO plugin. -->","yoast_head_json":{"title":"Let\u00f6lthet\u0151 anyagok - Z\u00f6ldf\u00e1s Lelkigyakorlatos H\u00e1z \u00e9s Ifj\u00fas\u00e1gi T\u00e1borhelysz\u00edn","robots":{"index":"index","follow":"follow","max-snippet":"max-snippet:-1","max-image-preview":"max-image-preview:large","max-video-preview":"max-video-preview:-1"},"canonical":"https:\/\/zoldfas.hu\/?page_id=816","og_locale":"hu_HU","og_type":"article","og_title":"Let\u00f6lthet\u0151 anyagok - Z\u00f6ldf\u00e1s Lelkigyakorlatos H\u00e1z \u00e9s Ifj\u00fas\u00e1gi T\u00e1borhelysz\u00edn","og_description":"Az al\u00e1bbi lehet\u0151s\u00e9gekre kattintva let\u00f6lthet\u0151 minden olyan dokumentumunk, sz\u00f3r\u00f3anyagunk, amelyek seg\u00edts\u00e9gre lehetnek a helysz\u00edn kiv\u00e1laszt\u00e1s\u00e1ban vagy a foglal\u00e1si folyamat felgyors\u00edt\u00e1s\u00e1ban. Fontos sz\u00e1munkra, hogy mindenki maxim\u00e1lisan el\u00e9gedett legyen az \u00e1ltalunk ny\u00fajtott szolg\u00e1ltat\u00e1sokkal. Ez\u00e9rt is elengedhetetlen, hogy Vend\u00e9geink tudom\u00e1sul vegy\u00e9k \u00e9s betarts\u00e1k int\u00e9zm\u00e9ny\u00fcnk h\u00e1zirendj\u00e9t. Lelkigyakorlataink plak\u00e1tjai Szolg\u00e1ltat\u00e1sinkhoz kapcsol\u00f3d\u00f3 megrendel\u0151k A bejelentkez\u00e9s felgyors\u00edt\u00e1sa \u00e9rdek\u00e9ben \u00e9rdemes m\u00e1r \u00e9rkez\u00e9skor a&hellip; Read more","og_url":"https:\/\/zoldfas.hu\/?page_id=816","og_site_name":"Z\u00f6ldf\u00e1s Lelkigyakorlatos H\u00e1z \u00e9s Ifj\u00fas\u00e1gi T\u00e1borhelysz\u00edn","article_publisher":"https:\/\/www.facebook.com\/zoldfas","article_modified_time":"2026-04-23T08:50:41+00:00","og_image":[{"width":545,"height":811,"url":"https:\/\/zoldfas.hu\/wp-content\/uploads\/2024\/07\/Naplemente.png","type":"image\/png"}],"twitter_card":"summary_large_image","twitter_misc":{"Becs\u00fclt olvas\u00e1si id\u0151":"1 perc"},"schema":{"@context":"https:\/\/schema.org","@graph":[{"@type":"WebPage","@id":"https:\/\/zoldfas.hu\/?page_id=816","url":"https:\/\/zoldfas.hu\/?page_id=816","name":"Let\u00f6lthet\u0151 anyagok - Z\u00f6ldf\u00e1s Lelkigyakorlatos H\u00e1z \u00e9s Ifj\u00fas\u00e1gi T\u00e1borhelysz\u00edn","isPartOf":{"@id":"https:\/\/zoldfas.hu\/#website"},"primaryImageOfPage":{"@id":"https:\/\/zoldfas.hu\/?page_id=816#primaryimage"},"image":{"@id":"https:\/\/zoldfas.hu\/?page_id=816#primaryimage"},"thumbnailUrl":"https:\/\/zoldfas.hu\/wp-content\/uploads\/2024\/07\/Naplemente.png","datePublished":"2024-07-01T08:57:25+00:00","dateModified":"2026-04-23T08:50:41+00:00","breadcrumb":{"@id":"https:\/\/zoldfas.hu\/?page_id=816#breadcrumb"},"inLanguage":"hu","potentialAction":[{"@type":"ReadAction","target":["https:\/\/zoldfas.hu\/?page_id=816"]}]},{"@type":"ImageObject","inLanguage":"hu","@id":"https:\/\/zoldfas.hu\/?page_id=816#primaryimage","url":"https:\/\/zoldfas.hu\/wp-content\/uploads\/2024\/07\/Naplemente.png","contentUrl":"https:\/\/zoldfas.hu\/wp-content\/uploads\/2024\/07\/Naplemente.png","width":545,"height":811},{"@type":"BreadcrumbList","@id":"https:\/\/zoldfas.hu\/?page_id=816#breadcrumb","itemListElement":[{"@type":"ListItem","position":1,"name":"Kezd\u0151lap","item":"https:\/\/zoldfas.hu\/"},{"@type":"ListItem","position":2,"name":"Let\u00f6lthet\u0151 anyagok"}]},{"@type":"WebSite","@id":"https:\/\/zoldfas.hu\/#website","url":"https:\/\/zoldfas.hu\/","name":"Z\u00f6ldf\u00e1s","description":"Z\u00f6ldf\u00e1s Lelkigyakorlatos H\u00e1z \u00e9s Ifj\u00fas\u00e1gi T\u00e1borhelysz\u00edn","publisher":{"@id":"https:\/\/zoldfas.hu\/#organization"},"potentialAction":[{"@type":"SearchAction","target":{"@type":"EntryPoint","urlTemplate":"https:\/\/zoldfas.hu\/?s={search_term_string}"},"query-input":{"@type":"PropertyValueSpecification","valueRequired":true,"valueName":"search_term_string"}}],"inLanguage":"hu"},{"@type":"Organization","@id":"https:\/\/zoldfas.hu\/#organization","name":"SZEKI","url":"https:\/\/zoldfas.hu\/","logo":{"@type":"ImageObject","inLanguage":"hu","@id":"https:\/\/zoldfas.hu\/#\/schema\/logo\/image\/","url":"https:\/\/zoldfas.hu\/wp-content\/uploads\/2024\/03\/kateklogo-2023_logo-1.png","contentUrl":"https:\/\/zoldfas.hu\/wp-content\/uploads\/2024\/03\/kateklogo-2023_logo-1.png","width":591,"height":591,"caption":"SZEKI"},"image":{"@id":"https:\/\/zoldfas.hu\/#\/schema\/logo\/image\/"},"sameAs":["https:\/\/www.facebook.com\/zoldfas"]}]}},"_links":{"self":[{"href":"https:\/\/zoldfas.hu\/index.php?rest_route=\/wp\/v2\/pages\/816","targetHints":{"allow":["GET"]}}],"collection":[{"href":"https:\/\/zoldfas.hu\/index.php?rest_route=\/wp\/v2\/pages"}],"about":[{"href":"https:\/\/zoldfas.hu\/index.php?rest_route=\/wp\/v2\/types\/page"}],"author":[{"embeddable":true,"href":"https:\/\/zoldfas.hu\/index.php?rest_route=\/wp\/v2\/users\/1"}],"replies":[{"embeddable":true,"href":"https:\/\/zoldfas.hu\/index.php?rest_route=%2Fwp%2Fv2%2Fcomments&post=816"}],"version-history":[{"count":78,"href":"https:\/\/zoldfas.hu\/index.php?rest_route=\/wp\/v2\/pages\/816\/revisions"}],"predecessor-version":[{"id":1663,"href":"https:\/\/zoldfas.hu\/index.php?rest_route=\/wp\/v2\/pages\/816\/revisions\/1663"}],"wp:attachment":[{"href":"https:\/\/zoldfas.hu\/index.php?rest_route=%2Fwp%2Fv2%2Fmedia&parent=816"}],"curies":[{"name":"wp","href":"https:\/\/api.w.org\/{rel}","templated":true}]}}